{"id":3128,"date":"2021-09-26T16:02:46","date_gmt":"2021-09-26T16:02:46","guid":{"rendered":"https:\/\/www.gyekenyesipontyhorgasz.hu\/?page_id=3128"},"modified":"2026-02-20T08:24:39","modified_gmt":"2026-02-20T08:24:39","slug":"kontakt","status":"publish","type":"page","link":"https:\/\/www.gyekenyesipontyhorgasz.hu\/cs\/kontakt\/","title":{"rendered":"Kontakt"},"content":{"rendered":"<p style=\"text-align: center;\">Ryb\u00e1\u0159sk\u00e9 a rekrea\u010dn\u00ed sdru\u017een\u00ed Gy\u00e9k\u00e9nyes a okol\u00ed<\/p>\n<p style=\"text-align: center;\">Kancel\u00e1\u0159 z\u00e1kaznick\u00e9ho servisu:<\/p>\n<p style=\"text-align: center;\">8851 Gy\u00e9k\u00e9nyes Lakeside Sektor A \/ 1A Vchod do star\u00e9ho dolu Budka pro hl\u00edd\u00e1n\u00ed ryb, recepce, prodej vstupenek<\/p>\n<p style=\"text-align: center;\">\n<p style=\"text-align: center;\">Spr\u00e1va rezervac\u00ed, z\u00e1kaznick\u00fd servis, prodej, organizace setk\u00e1n\u00ed a sout\u011b\u017e\u00ed Capat:<\/p>\n<p style=\"text-align: center;\">Mobil: +36 30 717 8560<\/p>\n<p style=\"text-align: center;\">DA\u0147OV\u00c9 I\u010c: 18744547-2-14<\/p>\n<p style=\"text-align: center;\">\u010c\u00edslo \u00fa\u010dtu: OTP Bank 11743088-21131000<\/p>\n<p style=\"text-align: center;\">\n<p style=\"text-align: center;\">Zsolt K\u00f3r\u00f3di \u2013 prezident<\/p>\n<p style=\"text-align: center;\">Szabolcs Jank\u00f3 \u2013 viceprezident.<\/p>\n<p style=\"text-align: center;\">\n<p style=\"text-align: center;\">E-mail: <a href=\"mailto:gyekenyeshorgaszegyesulet@gmail.com\">gyekenyeshorgaszegyesulet@gmail.com<\/a><\/p>\n<p style=\"text-align: center;\">\n<p style=\"text-align: center;\">Z\u00e1kaznick\u00fd servis, prodej<\/p>\n<p style=\"text-align: center;\">Mobil: +36 30 717 8560<\/p>\n<p style=\"text-align: center;\">\n<p style=\"text-align: center;\">Hl\u00e1\u0161en\u00ed \u00falovk\u016f nad 15 kg a ov\u011b\u0159ov\u00e1n\u00ed z\u00e1znam\u016f 24 hodin denn\u011b: Telefon +36 30 389 4936; +36 30 425 6194<\/p>\n<p style=\"text-align: center;\">\u00daprava individu\u00e1ln\u00edch po\u017eadavk\u016f na ryb\u00e1\u0159sk\u00e9 m\u00edsto nebo ubytov\u00e1n\u00ed Pond\u011bl\u00ed-P\u00e1tek mezi 8:00-15:30: +36 30 717 8560<\/p>\n<p style=\"text-align: center;\">Marketing, tisk a vztahy s m\u00e9dii: +36 30 717 8560<\/p>\n<p style=\"text-align: center;\">\n<p style=\"text-align: center;\">Publikov\u00e1n\u00ed \u00fasp\u011b\u0161n\u00fdch p\u0159\u00edb\u011bh\u016f, zpr\u00e1v o zku\u0161enostech: <a href=\"mailto:gyekenyesipontyhorgasz@gmail.com\">gyekenyesipontyhorgasz@gmail.com<\/a><\/p>\n<p style=\"text-align: center;\">P\u0159i platb\u011b bankovn\u00edm p\u0159evodem za rezervace a n\u00e1kup vstupenek mus\u00ed b\u00fdt p\u0159evod proveden na n\u00e1sleduj\u00edc\u00ed \u00fa\u010det provozovatele:<\/p>\n<p style=\"text-align: center;\">\n<p style=\"text-align: center;\">BolPlan Kft<\/p>\n<p style=\"text-align: center;\">Adresa: 8852 Z\u00e1k\u00e1ny M\u00e1jus 1 u. 23.<\/p>\n<p style=\"text-align: center;\">\u010c\u00edslo \u00fa\u010dtu: 10400717-50526874-55491003<\/p>\n<p style=\"text-align: center;\">\n<p style=\"text-align: center;\">SWIFT\/BIC: OKHB HUHB IBAN: HU7910400717-50526874-55491003<\/p>\n<p style=\"text-align: center;\">Banka: K&amp;H Bank, Adresa: 8800 Nagykanizsa F\u0151 u. 2.<\/p>\n","protected":false},"excerpt":{"rendered":"<p>Ryb\u00e1\u0159sk\u00e9 a rekrea\u010dn\u00ed sdru\u017een\u00ed Gy\u00e9k\u00e9nyes a okol\u00ed Kancel\u00e1\u0159 z\u00e1kaznick\u00e9ho servisu: 8851 Gy\u00e9k\u00e9nyes Lakeside Sektor A \/ 1A Vchod do star\u00e9ho dolu Budka pro hl\u00edd\u00e1n\u00ed ryb, recepce, prodej vstupenek Spr\u00e1va rezervac\u00ed, <a href=\"https:\/\/www.gyekenyesipontyhorgasz.hu\/cs\/kontakt\/\" class=\"more-link\">&#8230;<span class=\"screen-reader-text\">  Kontakt<\/span><\/a><\/p>\n","protected":false},"author":1,"featured_media":3129,"parent":0,"menu_order":0,"comment_status":"closed","ping_status":"closed","template":"","meta":{"footnotes":""},"class_list":["post-3128","page","type-page","status-publish","has-post-thumbnail","hentry"],"_links":{"self":[{"href":"https:\/\/www.gyekenyesipontyhorgasz.hu\/cs\/wp-json\/wp\/v2\/pages\/3128","targetHints":{"allow":["GET"]}}],"collection":[{"href":"https:\/\/www.gyekenyesipontyhorgasz.hu\/cs\/wp-json\/wp\/v2\/pages"}],"about":[{"href":"https:\/\/www.gyekenyesipontyhorgasz.hu\/cs\/wp-json\/wp\/v2\/types\/page"}],"author":[{"embeddable":true,"href":"https:\/\/www.gyekenyesipontyhorgasz.hu\/cs\/wp-json\/wp\/v2\/users\/1"}],"replies":[{"embeddable":true,"href":"https:\/\/www.gyekenyesipontyhorgasz.hu\/cs\/wp-json\/wp\/v2\/comments?post=3128"}],"version-history":[{"count":2,"href":"https:\/\/www.gyekenyesipontyhorgasz.hu\/cs\/wp-json\/wp\/v2\/pages\/3128\/revisions"}],"predecessor-version":[{"id":3714,"href":"https:\/\/www.gyekenyesipontyhorgasz.hu\/cs\/wp-json\/wp\/v2\/pages\/3128\/revisions\/3714"}],"wp:featuredmedia":[{"embeddable":true,"href":"https:\/\/www.gyekenyesipontyhorgasz.hu\/cs\/wp-json\/wp\/v2\/media\/3129"}],"wp:attachment":[{"href":"https:\/\/www.gyekenyesipontyhorgasz.hu\/cs\/wp-json\/wp\/v2\/media?parent=3128"}],"curies":[{"name":"wp","href":"https:\/\/api.w.org\/{rel}","templated":true}]}}