{"id":3199,"date":"2021-09-26T16:03:44","date_gmt":"2021-09-26T16:03:44","guid":{"rendered":"https:\/\/www.gyekenyesipontyhorgasz.hu\/?page_id=3199"},"modified":"2026-01-14T14:51:25","modified_gmt":"2026-01-14T14:51:25","slug":"kontrola-rybarske-straze","status":"publish","type":"page","link":"https:\/\/www.gyekenyesipontyhorgasz.hu\/cs\/kontrola-rybarske-straze\/","title":{"rendered":"Kontrola ryb\u00e1\u0159sk\u00e9 str\u00e1\u017ee"},"content":{"rendered":"","protected":false},"excerpt":{"rendered":"","protected":false},"author":1,"featured_media":3200,"parent":0,"menu_order":0,"comment_status":"closed","ping_status":"closed","template":"","meta":{"footnotes":""},"class_list":["post-3199","page","type-page","status-publish","has-post-thumbnail","hentry"],"_links":{"self":[{"href":"https:\/\/www.gyekenyesipontyhorgasz.hu\/cs\/wp-json\/wp\/v2\/pages\/3199","targetHints":{"allow":["GET"]}}],"collection":[{"href":"https:\/\/www.gyekenyesipontyhorgasz.hu\/cs\/wp-json\/wp\/v2\/pages"}],"about":[{"href":"https:\/\/www.gyekenyesipontyhorgasz.hu\/cs\/wp-json\/wp\/v2\/types\/page"}],"author":[{"embeddable":true,"href":"https:\/\/www.gyekenyesipontyhorgasz.hu\/cs\/wp-json\/wp\/v2\/users\/1"}],"replies":[{"embeddable":true,"href":"https:\/\/www.gyekenyesipontyhorgasz.hu\/cs\/wp-json\/wp\/v2\/comments?post=3199"}],"version-history":[{"count":1,"href":"https:\/\/www.gyekenyesipontyhorgasz.hu\/cs\/wp-json\/wp\/v2\/pages\/3199\/revisions"}],"predecessor-version":[{"id":3201,"href":"https:\/\/www.gyekenyesipontyhorgasz.hu\/cs\/wp-json\/wp\/v2\/pages\/3199\/revisions\/3201"}],"wp:featuredmedia":[{"embeddable":true,"href":"https:\/\/www.gyekenyesipontyhorgasz.hu\/cs\/wp-json\/wp\/v2\/media\/3200"}],"wp:attachment":[{"href":"https:\/\/www.gyekenyesipontyhorgasz.hu\/cs\/wp-json\/wp\/v2\/media?parent=3199"}],"curies":[{"name":"wp","href":"https:\/\/api.w.org\/{rel}","templated":true}]}}