{"id":3215,"date":"2021-09-26T15:58:18","date_gmt":"2021-09-26T15:58:18","guid":{"rendered":"https:\/\/www.gyekenyesipontyhorgasz.hu\/?page_id=3215"},"modified":"2026-02-24T05:22:53","modified_gmt":"2026-02-24T05:22:53","slug":"detsky-rybarsky","status":"publish","type":"page","link":"https:\/\/www.gyekenyesipontyhorgasz.hu\/cs\/detsky-rybarsky\/","title":{"rendered":"D\u011btsk\u00fd ryb\u00e1\u0159sk\u00fd"},"content":{"rendered":"<div class=\"gallery-imgs row\"><div class=\"gallery-item mb-4 col-sm-4 col-md-6 col-lg-4\"><a href=\"https:\/\/www.gyekenyesipontyhorgasz.hu\/wp-content\/uploads\/DSC2353.jpg\"><img decoding=\"async\" src=\"https:\/\/www.gyekenyesipontyhorgasz.hu\/wp-content\/uploads\/DSC2353-520x300.jpg\" alt=\"\" class=\"img-fluid\"><\/a><\/div><div class=\"gallery-item mb-4 col-sm-4 col-md-6 col-lg-4\"><a href=\"https:\/\/www.gyekenyesipontyhorgasz.hu\/wp-content\/uploads\/DSC2409.jpg\"><img decoding=\"async\" src=\"https:\/\/www.gyekenyesipontyhorgasz.hu\/wp-content\/uploads\/DSC2409-520x300.jpg\" alt=\"\" class=\"img-fluid\"><\/a><\/div><div class=\"gallery-item mb-4 col-sm-4 col-md-6 col-lg-4\"><a href=\"https:\/\/www.gyekenyesipontyhorgasz.hu\/wp-content\/uploads\/DSC2568.jpg\"><img decoding=\"async\" src=\"https:\/\/www.gyekenyesipontyhorgasz.hu\/wp-content\/uploads\/DSC2568-520x300.jpg\" alt=\"\" class=\"img-fluid\"><\/a><\/div><div class=\"gallery-item mb-4 col-sm-4 col-md-6 col-lg-4\"><a href=\"https:\/\/www.gyekenyesipontyhorgasz.hu\/wp-content\/uploads\/DSC2586.jpg\"><img decoding=\"async\" src=\"https:\/\/www.gyekenyesipontyhorgasz.hu\/wp-content\/uploads\/DSC2586-520x300.jpg\" alt=\"\" class=\"img-fluid\"><\/a><\/div><div class=\"gallery-item mb-4 col-sm-4 col-md-6 col-lg-4\"><a href=\"https:\/\/www.gyekenyesipontyhorgasz.hu\/wp-content\/uploads\/DSC2600.jpg\"><img decoding=\"async\" src=\"https:\/\/www.gyekenyesipontyhorgasz.hu\/wp-content\/uploads\/DSC2600-520x300.jpg\" alt=\"\" class=\"img-fluid\"><\/a><\/div><div class=\"gallery-item mb-4 col-sm-4 col-md-6 col-lg-4\"><a href=\"https:\/\/www.gyekenyesipontyhorgasz.hu\/wp-content\/uploads\/DSC2644.jpg\"><img decoding=\"async\" src=\"https:\/\/www.gyekenyesipontyhorgasz.hu\/wp-content\/uploads\/DSC2644-520x300.jpg\" alt=\"\" class=\"img-fluid\"><\/a><\/div><div class=\"gallery-item mb-4 col-sm-4 col-md-6 col-lg-4\"><a href=\"https:\/\/www.gyekenyesipontyhorgasz.hu\/wp-content\/uploads\/DSC2663.jpg\"><img decoding=\"async\" src=\"https:\/\/www.gyekenyesipontyhorgasz.hu\/wp-content\/uploads\/DSC2663-520x300.jpg\" alt=\"\" class=\"img-fluid\"><\/a><\/div><div class=\"gallery-item mb-4 col-sm-4 col-md-6 col-lg-4\"><a href=\"https:\/\/www.gyekenyesipontyhorgasz.hu\/wp-content\/uploads\/DSC2703.jpg\"><img decoding=\"async\" src=\"https:\/\/www.gyekenyesipontyhorgasz.hu\/wp-content\/uploads\/DSC2703-520x300.jpg\" alt=\"\" class=\"img-fluid\"><\/a><\/div><\/div>\n<div class=\"gallery-imgs row\"><div class=\"gallery-item mb-4 col-sm-4 col-md-6 col-lg-4\"><a href=\"https:\/\/www.gyekenyesipontyhorgasz.hu\/wp-content\/uploads\/IMG_3767gr.jpg\"><img decoding=\"async\" src=\"https:\/\/www.gyekenyesipontyhorgasz.hu\/wp-content\/uploads\/IMG_3767gr-520x300.jpg\" alt=\"\" class=\"img-fluid\"><\/a><\/div><div class=\"gallery-item mb-4 col-sm-4 col-md-6 col-lg-4\"><a href=\"https:\/\/www.gyekenyesipontyhorgasz.hu\/wp-content\/uploads\/IMG_3858gg.jpg\"><img decoding=\"async\" src=\"https:\/\/www.gyekenyesipontyhorgasz.hu\/wp-content\/uploads\/IMG_3858gg-520x300.jpg\" alt=\"\" class=\"img-fluid\"><\/a><\/div><div class=\"gallery-item mb-4 col-sm-4 col-md-6 col-lg-4\"><a href=\"https:\/\/www.gyekenyesipontyhorgasz.hu\/wp-content\/uploads\/IMG_3977ht.jpg\"><img decoding=\"async\" src=\"https:\/\/www.gyekenyesipontyhorgasz.hu\/wp-content\/uploads\/IMG_3977ht-520x300.jpg\" alt=\"\" class=\"img-fluid\"><\/a><\/div><div class=\"gallery-item mb-4 col-sm-4 col-md-6 col-lg-4\"><a href=\"https:\/\/www.gyekenyesipontyhorgasz.hu\/wp-content\/uploads\/IMG_4019j.jpg\"><img decoding=\"async\" src=\"https:\/\/www.gyekenyesipontyhorgasz.hu\/wp-content\/uploads\/IMG_4019j-520x300.jpg\" alt=\"\" class=\"img-fluid\"><\/a><\/div><div class=\"gallery-item mb-4 col-sm-4 col-md-6 col-lg-4\"><a href=\"https:\/\/www.gyekenyesipontyhorgasz.hu\/wp-content\/uploads\/IMG_4085k.jpg\"><img decoding=\"async\" src=\"https:\/\/www.gyekenyesipontyhorgasz.hu\/wp-content\/uploads\/IMG_4085k-520x300.jpg\" alt=\"\" class=\"img-fluid\"><\/a><\/div><div class=\"gallery-item mb-4 col-sm-4 col-md-6 col-lg-4\"><a href=\"https:\/\/www.gyekenyesipontyhorgasz.hu\/wp-content\/uploads\/IMG_4116j.jpg\"><img decoding=\"async\" src=\"https:\/\/www.gyekenyesipontyhorgasz.hu\/wp-content\/uploads\/IMG_4116j-520x300.jpg\" alt=\"\" class=\"img-fluid\"><\/a><\/div><div class=\"gallery-item mb-4 col-sm-4 col-md-6 col-lg-4\"><a href=\"https:\/\/www.gyekenyesipontyhorgasz.hu\/wp-content\/uploads\/IMG_4119j.jpg\"><img decoding=\"async\" src=\"https:\/\/www.gyekenyesipontyhorgasz.hu\/wp-content\/uploads\/IMG_4119j-520x300.jpg\" alt=\"\" class=\"img-fluid\"><\/a><\/div><div class=\"gallery-item mb-4 col-sm-4 col-md-6 col-lg-4\"><a href=\"https:\/\/www.gyekenyesipontyhorgasz.hu\/wp-content\/uploads\/IMG_4121l.jpg\"><img decoding=\"async\" src=\"https:\/\/www.gyekenyesipontyhorgasz.hu\/wp-content\/uploads\/IMG_4121l-520x300.jpg\" alt=\"\" class=\"img-fluid\"><\/a><\/div><div class=\"gallery-item mb-4 col-sm-4 col-md-6 col-lg-4\"><a href=\"https:\/\/www.gyekenyesipontyhorgasz.hu\/wp-content\/uploads\/IMG_4154j.jpg\"><img decoding=\"async\" src=\"https:\/\/www.gyekenyesipontyhorgasz.hu\/wp-content\/uploads\/IMG_4154j-520x300.jpg\" alt=\"\" class=\"img-fluid\"><\/a><\/div><div class=\"gallery-item mb-4 col-sm-4 col-md-6 col-lg-4\"><a href=\"https:\/\/www.gyekenyesipontyhorgasz.hu\/wp-content\/uploads\/IMG_4155he.jpg\"><img decoding=\"async\" src=\"https:\/\/www.gyekenyesipontyhorgasz.hu\/wp-content\/uploads\/IMG_4155he-520x300.jpg\" alt=\"\" class=\"img-fluid\"><\/a><\/div><div class=\"gallery-item mb-4 col-sm-4 col-md-6 col-lg-4\"><a href=\"https:\/\/www.gyekenyesipontyhorgasz.hu\/wp-content\/uploads\/IMG_4168ht.jpg\"><img decoding=\"async\" src=\"https:\/\/www.gyekenyesipontyhorgasz.hu\/wp-content\/uploads\/IMG_4168ht-520x300.jpg\" alt=\"\" class=\"img-fluid\"><\/a><\/div><div class=\"gallery-item mb-4 col-sm-4 col-md-6 col-lg-4\"><a href=\"https:\/\/www.gyekenyesipontyhorgasz.hu\/wp-content\/uploads\/IMG_4197h.jpg\"><img decoding=\"async\" src=\"https:\/\/www.gyekenyesipontyhorgasz.hu\/wp-content\/uploads\/IMG_4197h-520x300.jpg\" alt=\"\" class=\"img-fluid\"><\/a><\/div><div class=\"gallery-item mb-4 col-sm-4 col-md-6 col-lg-4\"><a href=\"https:\/\/www.gyekenyesipontyhorgasz.hu\/wp-content\/uploads\/IMG_4203h.jpg\"><img decoding=\"async\" src=\"https:\/\/www.gyekenyesipontyhorgasz.hu\/wp-content\/uploads\/IMG_4203h-520x300.jpg\" alt=\"\" class=\"img-fluid\"><\/a><\/div><div class=\"gallery-item mb-4 col-sm-4 col-md-6 col-lg-4\"><a href=\"https:\/\/www.gyekenyesipontyhorgasz.hu\/wp-content\/uploads\/IMG_4231n.jpg\"><img decoding=\"async\" src=\"https:\/\/www.gyekenyesipontyhorgasz.hu\/wp-content\/uploads\/IMG_4231n-520x300.jpg\" alt=\"\" class=\"img-fluid\"><\/a><\/div><div class=\"gallery-item mb-4 col-sm-4 col-md-6 col-lg-4\"><a href=\"https:\/\/www.gyekenyesipontyhorgasz.hu\/wp-content\/uploads\/IMG_4421v.jpg\"><img decoding=\"async\" src=\"https:\/\/www.gyekenyesipontyhorgasz.hu\/wp-content\/uploads\/IMG_4421v-520x300.jpg\" alt=\"\" class=\"img-fluid\"><\/a><\/div><\/div>\n","protected":false},"excerpt":{"rendered":"","protected":false},"author":1,"featured_media":3161,"parent":0,"menu_order":0,"comment_status":"closed","ping_status":"closed","template":"","meta":{"footnotes":""},"class_list":["post-3215","page","type-page","status-publish","has-post-thumbnail","hentry"],"_links":{"self":[{"href":"https:\/\/www.gyekenyesipontyhorgasz.hu\/cs\/wp-json\/wp\/v2\/pages\/3215","targetHints":{"allow":["GET"]}}],"collection":[{"href":"https:\/\/www.gyekenyesipontyhorgasz.hu\/cs\/wp-json\/wp\/v2\/pages"}],"about":[{"href":"https:\/\/www.gyekenyesipontyhorgasz.hu\/cs\/wp-json\/wp\/v2\/types\/page"}],"author":[{"embeddable":true,"href":"https:\/\/www.gyekenyesipontyhorgasz.hu\/cs\/wp-json\/wp\/v2\/users\/1"}],"replies":[{"embeddable":true,"href":"https:\/\/www.gyekenyesipontyhorgasz.hu\/cs\/wp-json\/wp\/v2\/comments?post=3215"}],"version-history":[{"count":2,"href":"https:\/\/www.gyekenyesipontyhorgasz.hu\/cs\/wp-json\/wp\/v2\/pages\/3215\/revisions"}],"predecessor-version":[{"id":3763,"href":"https:\/\/www.gyekenyesipontyhorgasz.hu\/cs\/wp-json\/wp\/v2\/pages\/3215\/revisions\/3763"}],"wp:featuredmedia":[{"embeddable":true,"href":"https:\/\/www.gyekenyesipontyhorgasz.hu\/cs\/wp-json\/wp\/v2\/media\/3161"}],"wp:attachment":[{"href":"https:\/\/www.gyekenyesipontyhorgasz.hu\/cs\/wp-json\/wp\/v2\/media?parent=3215"}],"curies":[{"name":"wp","href":"https:\/\/api.w.org\/{rel}","templated":true}]}}