{"id":3234,"date":"2021-09-26T15:59:10","date_gmt":"2021-09-26T15:59:10","guid":{"rendered":"https:\/\/www.gyekenyesipontyhorgasz.hu\/?page_id=3234"},"modified":"2026-01-14T15:59:35","modified_gmt":"2026-01-14T15:59:35","slug":"typy-montazi","status":"publish","type":"page","link":"https:\/\/www.gyekenyesipontyhorgasz.hu\/cs\/typy-montazi\/","title":{"rendered":"Typy mont\u00e1\u017e\u00ed"},"content":{"rendered":"","protected":false},"excerpt":{"rendered":"","protected":false},"author":1,"featured_media":3235,"parent":0,"menu_order":0,"comment_status":"closed","ping_status":"closed","template":"","meta":{"footnotes":""},"class_list":["post-3234","page","type-page","status-publish","has-post-thumbnail","hentry"],"_links":{"self":[{"href":"https:\/\/www.gyekenyesipontyhorgasz.hu\/cs\/wp-json\/wp\/v2\/pages\/3234","targetHints":{"allow":["GET"]}}],"collection":[{"href":"https:\/\/www.gyekenyesipontyhorgasz.hu\/cs\/wp-json\/wp\/v2\/pages"}],"about":[{"href":"https:\/\/www.gyekenyesipontyhorgasz.hu\/cs\/wp-json\/wp\/v2\/types\/page"}],"author":[{"embeddable":true,"href":"https:\/\/www.gyekenyesipontyhorgasz.hu\/cs\/wp-json\/wp\/v2\/users\/1"}],"replies":[{"embeddable":true,"href":"https:\/\/www.gyekenyesipontyhorgasz.hu\/cs\/wp-json\/wp\/v2\/comments?post=3234"}],"version-history":[{"count":1,"href":"https:\/\/www.gyekenyesipontyhorgasz.hu\/cs\/wp-json\/wp\/v2\/pages\/3234\/revisions"}],"predecessor-version":[{"id":3236,"href":"https:\/\/www.gyekenyesipontyhorgasz.hu\/cs\/wp-json\/wp\/v2\/pages\/3234\/revisions\/3236"}],"wp:featuredmedia":[{"embeddable":true,"href":"https:\/\/www.gyekenyesipontyhorgasz.hu\/cs\/wp-json\/wp\/v2\/media\/3235"}],"wp:attachment":[{"href":"https:\/\/www.gyekenyesipontyhorgasz.hu\/cs\/wp-json\/wp\/v2\/media?parent=3234"}],"curies":[{"name":"wp","href":"https:\/\/api.w.org\/{rel}","templated":true}]}}