{"id":3476,"date":"2021-09-26T15:38:03","date_gmt":"2021-09-26T15:38:03","guid":{"rendered":"https:\/\/www.gyekenyesipontyhorgasz.hu\/?page_id=3476"},"modified":"2026-01-16T09:12:17","modified_gmt":"2026-01-16T09:12:17","slug":"fakultativni-vylety","status":"publish","type":"page","link":"https:\/\/www.gyekenyesipontyhorgasz.hu\/cs\/fakultativni-vylety\/","title":{"rendered":"Fakultativn\u00ed v\u00fdlety"},"content":{"rendered":"<h3>2026. \u00e9vi programok, rendezv\u00e9nyek el\u0151zetes bejelent\u00e9se<\/h3>\n<p><img loading=\"lazy\" decoding=\"async\" class=\"aligncenter wp-image-3120\" src=\"https:\/\/www.gyekenyesipontyhorgasz.hu\/wp-content\/uploads\/foglalas_plakat_2026.jpg\" alt=\"\" width=\"750\" height=\"1061\" srcset=\"https:\/\/www.gyekenyesipontyhorgasz.hu\/wp-content\/uploads\/foglalas_plakat_2026.jpg 1388w, https:\/\/www.gyekenyesipontyhorgasz.hu\/wp-content\/uploads\/foglalas_plakat_2026-212x300.jpg 212w, https:\/\/www.gyekenyesipontyhorgasz.hu\/wp-content\/uploads\/foglalas_plakat_2026-724x1024.jpg 724w\" sizes=\"auto, (max-width: 750px) 100vw, 750px\" \/><\/p>\n<p>Tisztelt Rendezv\u00e9nyszervez\u0151k, Versenyszervez\u0151k!<\/p>\n<p>A Gy\u00e9k\u00e9nyes\u00e9s K\u00f6rny\u00e9ke Horg\u00e1sz \u00e9s Szabadid\u0151 Egyes\u00fclet, mint halgazd\u00e1lkod\u00f3 folyamatosan szervezi 2026. \u00e9vre a horg\u00e1szhelyek foglal\u00e1sait, horg\u00e1szversenyeit \u00e9s szakmai rendezv\u00e9nyeit a gy\u00e9k\u00e9nyesi kavicsb\u00e1nyat\u00f3 v\u00edzter\u00fclet\u00e9n.<br \/>\nV\u00edzt\u00e9rk\u00f3d: 14-063-1-5<\/p>\n<p>Egyes\u00fclet\u00fcnk k\u00e9ri, hogy amennyiben a v\u00edzter\u00fcletet \u00e9rint\u0151 esem\u00e9ny vagy programterve van a k\u00f6vetkez\u0151 \u00e9vre, annak tervezett id\u0151pontj\u00e1r\u00f3l \u00edr\u00e1sban t\u00e1j\u00e9koztassa a halgazd\u00e1lkod\u00f3t. A v\u00edzter\u00fcleten m\u00e1s szervezetek \u00e1ltal, mag\u00e1n-\u00e9s c\u00e9ges kezdem\u00e9nyez\u00e9s\u0171 rendezv\u00e9nyek, versenyek csak a halgazd\u00e1lkod\u00f3 egyes\u00fclethez t\u00f6rt\u00e9nt el\u0151zetes bejelent\u00e9s alapj\u00e1n, \u00edr\u00e1sbeli enged\u00e9llyel lehets\u00e9gesek.<\/p>\n<p>V\u00edzhaszn\u00e1latot is \u00e9rint\u0151 programig\u00e9ny\u00fcket k\u00e9rj\u00fck, hogy legal\u00e1bb kett\u0151 h\u00f3nappal el\u0151tte sz\u00edveskedjenek jelezni a gyekenyeshorgaszegyesulet@gmail.com e-mail c\u00edmre.<\/p>\n<p>K\u00e9rj\u00fck, amennyiben a d\u00e1tumokat a megadott id\u0151pontig nem tudj\u00e1k meghat\u00e1rozni legal\u00e1bb szervez\u00e9si sz\u00e1nd\u00e9kukat jelezz\u00e9k.<br \/>\nEz \u00faton t\u00e1j\u00e9koztatjuk \u00e9s k\u00e9rj\u00fck \u00d6n\u00f6ket, hogy az esem\u00e9ny d\u00e1tum\u00e1t v\u00e9gleges\u00edteni \u00e9s nyilv\u00e1noss\u00e1gra hozni kiz\u00e1r\u00f3lag a halgazd\u00e1lkod\u00f3t\u00f3l kapott \u00edr\u00e1sbeli j\u00f3v\u00e1hagy\u00e1st k\u00f6vet\u0151en sz\u00edveskedjenek.<br \/>\nA programok k\u00e9s\u0151bbi, folyamatos egyeztet\u00e9se is lehets\u00e9ges azzal a kik\u00f6t\u00e9ssel, hogy a t\u00f3 szabad hely kapacit\u00e1s\u00e1nak figyelembev\u00e9tel\u00e9vel tudjuk a k\u00fcls\u0151s szervez\u00e9s\u0171 esem\u00e9nyeket enged\u00e9lyezni.<\/p>\n<p>A Gy\u00e9k\u00e9nyesre \u00e9rkez\u0151 rendezv\u00e9nyek kapcs\u00e1n sz\u00edvesen aj\u00e1nljuk fel seg\u00edt\u0151 egy\u00fcttm\u0171k\u00f6d\u00e9s\u00fcnket a v\u00edzen t\u00f6rt\u00e9n\u0151 p\u00e1lya kijel\u00f6l\u00e9s\u00e9ben, b\u00f3j\u00e1z\u00e1sban, \u00e9s a rendezv\u00e9ny \u0151rz\u00e9s\u00e9ben.<\/p>\n<p>Az el\u0151zetes egyeztet\u00e9st annak \u00e9rdek\u00e9ben k\u00e9rj\u00fck, hogy egym\u00e1s munk\u00e1j\u00e1t seg\u00edts\u00fck, valamennyi szervez\u0151 \u00fczleti, gazdas\u00e1gi elk\u00e9pzel\u00e9sei tov\u00e1bb\u00e1 szakmai, k\u00f6z\u00f6ss\u00e9gi amb\u00edci\u00f3i marad\u00e9ktalanul teljes\u00fclhessenek \u00e9s k\u00f6z\u00f6s c\u00e9lunkk\u00e9nt a Gy\u00e9k\u00e9nyesre \u00e9rkez\u0151 programok v\u00e1ltozatosak, sz\u00ednvonalasak lehessenek.<\/p>\n<p>Egy\u00fcttm\u0171k\u00f6d\u00e9s\u00fcket k\u00f6sz\u00f6nj\u00fck.<\/p>\n<p>Tisztelettel:<\/p>\n<p>K\u00f3r\u00f3di Zsolt<br \/>\neln\u00f6k<br \/>\nGy\u00e9k\u00e9nyes \u00e9s K\u00f6rny\u00e9ke Horg\u00e1sz \u00e9s Szabadid\u0151 Egyes\u00fclet<br \/>\nE-mail: gyekenyeshorgaszegyesulet@gmail.com<\/p>\n<p>&nbsp;<\/p>\n<h2>Diving Galatic B\u00fav\u00e1rb\u00e1zis<\/h2>\n<p>Gyertek mer\u00fclni Gy\u00e9k\u00e9nyesre a Diving Galactic B\u00fav\u00e1r B\u00e1zisra!<\/p>\n<p>Mi a Diving Galactic? Nem csup\u00e1n egy mer\u00fcl\u00e9si pont, sokkal ink\u00e1bb \u00e9let\u00e9rz\u00e9s, egy extr\u00e9m kaland park b\u00fav\u00e1roknak!<\/p>\n<p>Fedezz\u00e9tek fel a Kotr\u00f3 krist\u00e1lytiszta viz\u00e9nek, csod\u00e1latos \u00e9l\u0151vil\u00e1g\u00e1t, a v\u00e1ltozatos meder viszonyokat!<\/p>\n<p>Egy\u00e9ni \u00e9s csoportos b\u00fav\u00e1rkod\u00e1sra, \u00e9jszakai mer\u00fcl\u00e9sre is van lehet\u0151s\u00e9g.<\/p>\n<p>A b\u00e1zis eg\u00e9sz \u00e9vben nyitva van.<\/p>\n<p>Szervez\u00fcnk tematikus programokat, saj\u00e1t b\u00fav\u00e1roktat\u00e1sokat, t\u00faravezet\u00e9st \u00e9s vizsg\u00e1zhattok is n\u00e1lunk a NAUI rendszer\u00e9ben.<\/p>\n<p>B\u00fav\u00e1r oktat\u00f3k figyelem!<\/p>\n<p>Felk\u00e9sz\u00edthetitek tan\u00edtv\u00e1nyaitokat a b\u00fav\u00e1r vizsg\u00e1kra az 1 km hossz\u00fa tanp\u00e1ly\u00e1n!<\/p>\n<p>Szervezd oktat\u00e1saidat hozz\u00e1nk, ha igaz\u00e1n k\u00fcl\u00f6nleges \u00e9s egyedi b\u00fav\u00e1r \u00e9lm\u00e9nyt akarsz adni!<\/p>\n<p>T\u00f6bb, mint 30 l\u00e1tv\u00e1nyos \u00e9s sz\u00f3rakoztat\u00f3 terep t\u00e1rgy \u00e9s technikai gyakorlatot fejleszt\u0151 v\u00edz alatti install\u00e1ci\u00f3 v\u00e1r r\u00e1tok!<\/p>\n<p>A l\u00e1t\u00f3t\u00e1vols\u00e1g a v\u00edzben 3-4 m\u00e9ter.<\/p>\n<p>KEZD\u0150 B\u00daV\u00c1ROKNAK: M\u00e9g csak kac\u00e9rkodsz a gondolattal, hogy ki szeretn\u00e9d pr\u00f3b\u00e1lni a b\u00fav\u00e1rkod\u00e1st?<\/p>\n<p>Ne halogasd tov\u00e1bb! Itt a ny\u00e1r! Gyere \u00e9s mer\u00fclj velem k\u00f6nnyed\u00e9n!<\/p>\n<p>Pr\u00f3bamer\u00fcl\u00e9seinkre \u00e9s oktat\u00e1sainkra b\u00e1rmikor jelentkezhetsz!<\/p>\n<p>A felsz\u00ednen j\u00f3l felszerelt b\u00e1zis v\u00e1r: b\u00e9relhetsz felszerel\u00e9st, t\u00f6lthetsz palackot, tarthatsz elm\u00e9leti oktat\u00e1st, szervezhetsz csapat tal\u00e1lkoz\u00f3t, s\u00fcthetsz-f\u0151zhetsz-piknikezhetsz-s\u00e1torozhatsz a parkban, felfriss\u00edtheted magad a szaniter blokkban.<\/p>\n<p>Sz\u00e1ll\u00e1shelyet a gy\u00e9k\u00e9nyesi \u00e9s z\u00e1k\u00e1nyi sz\u00e1ll\u00e1sad\u00f3kn\u00e1l tudtok foglalni. Ig\u00e9ny szerint komplett t\u00far\u00e1t szervez\u00fcnk!<\/p>\n<p>&nbsp;<\/p>\n<p>B\u0151vebb inform\u00e1ci\u00f3:<\/p>\n<p><a href=\"https:\/\/l.facebook.com\/l.php?u=http%3A%2F%2Fwww.meruljvelem.hu%2F%3Ffbclid%3DIwZXh0bgNhZW0CMTAAYnJpZBEwcWVKelZWTDNydUluVERkbXNydGMGYXBwX2lkEDIyMjAzOTE3ODgyMDA4OTIAAR5XrR-JImlCzAJxe3v87CvR3TMucJ2fSsREfsXESN_4HfUK5soj5jREL-eG_g_aem_IyccPQlXFpAGD89EHzGrlA%26brid%3D_j--okUKPcUU5MSDRQZkpA&amp;h=AT2ffEbf_cdDjnNpBJAb_vUsP_wwUsm5j6rDwMuREdJcQsH2ceDEDcEJWuCk_x5ySMX8swFVJzMibT6u3kCTcj9ACoPRBVIiVievQVAZOypXz42n9zDS9izKZXSGudv3Xc8Xlos6iTsc1vxZ40abWElsmJmCdb7SgTnpYQ&amp;__tn__=R%5D-R&amp;c%5B0%5D=AT14JnbOhXNpMjHXJzi5K3-QHUMJ9tYWi5Uh06ree1hSZQRhsvnNn7ZTmVxBQdhOFsM7usDNU_c4gcpH2b2e3FBVCndHxoDto_-1kGVsozQzei6cvKT66C6JRWo_rNLBu0vFsGxfs7x667mG0N0n5kaXmG7AkqwnhOzed8j6h3pNqM53IdQoGK4fbaCciDwHFMSpGfKfkvZpTbk4lXE_2lLNomkIuEI\"><strong>www.meruljvelem.hu<\/strong><\/a><\/p>\n<p>B\u00e1zis vezet\u0151:<\/p>\n<p>Gy\u00f6rk\u00f6s Bence<br \/>\nB\u00fav\u00e1roktat\u00f3<\/p>\n<p>Telefon:+36303894936<br \/>\nE-mail: diving.galactic@gmail.com<\/p>\n<p>Facebook:<br \/>\n<a href=\"https:\/\/www.facebook.com\/diving.galactic?__cft__%5B0%5D=AZY0UjaH6GuKfLFr4fv9qi-nHE4OqCnRbsa3k0DhhVCKR7eMgxGWgBQe8cyswHvl3kNmGdTnUV5rYCCfIU2GssWqS8kDStJvHML60_gxLFmHkSPuOHieNzbFV5nw4PaMsEW45wvLYXn0dLt5X-eZMKhMf00X6u-ZE3lVYaLcuwy0id_Dq1Z_n3S7ckAZVZm61ZYi8Oc4zrYLzwKnULWvg-W_&amp;__tn__=R%5D-R\"><strong>www.facebook.com\/diving.galactic<\/strong><\/a><\/p>\n<p>&nbsp;<\/p>\n<p>K\u00e9rj\u00fck, hogy a Diving Galactic B\u00fav\u00e1r B\u00e1zisra csak el\u0151zetes telefonos id\u0151pont egyeztet\u00e9s alapj\u00e1n, \u00e9rv\u00e9nyes foglal\u00e1st k\u00f6vet\u0151en l\u00e1togassatok el. K\u00f6sz\u00f6nj\u00fck.<\/p>\n<p>Foglal\u00e1s, id\u0151pont egyeztet\u00e9s:<br \/>\n+363071178560<\/p>\n<p>&nbsp;<\/p>\n<p><a href=\"https:\/\/www.facebook.com\/diving.galactic\/\">https:\/\/www.facebook.com\/diving.galactic\/<\/a><\/p>\n<p><a href=\"https:\/\/meruljvelem.hu\/elerhetosegek\/\">https:\/\/meruljvelem.hu\/elerhetosegek\/<\/a><\/p>\n<p>Film: <a href=\"https:\/\/fb.watch\/DWnnhXIRra\/\">https:\/\/fb.watch\/DWnnhXIRra\/<\/a><\/p>\n<p>&nbsp;<\/p>\n<h2>Bor\u00e1szat<\/h2>\n<p><img loading=\"lazy\" decoding=\"async\" class=\"aligncenter wp-image-2828\" src=\"https:\/\/www.gyekenyesipontyhorgasz.hu\/wp-content\/uploads\/vazsonyi.jpg\" alt=\"\" width=\"400\" height=\"634\" srcset=\"https:\/\/www.gyekenyesipontyhorgasz.hu\/wp-content\/uploads\/vazsonyi.jpg 591w, https:\/\/www.gyekenyesipontyhorgasz.hu\/wp-content\/uploads\/vazsonyi-189x300.jpg 189w\" sizes=\"auto, (max-width: 400px) 100vw, 400px\" \/><\/p>\n<p>A pinc\u00e9szetr\u0151l<\/p>\n<p>Pinc\u00e9szet\u00fcnk Somogyorsz\u00e1g d\u00e9lnyugati r\u00e9sz\u00e9n, k\u00f6zvetlen\u00fcl a horv\u00e1t hat\u00e1ron, a z\u00e1k\u00e1nyi K\u00e1polnahegyen tal\u00e1lhat\u00f3.<\/p>\n<p>\u200bA ter\u00fclet 5. gener\u00e1ci\u00f3 \u00f3ta a csal\u00e1dunk\u00e9, a pr\u00e9sh\u00e1z \u00e9s a pince k\u00f6r\u00fclbel\u00fcl 200 \u00e9ves. 2014-15-ben \u00faj\u00edtottuk fel egy p\u00e1ly\u00e1zat seg\u00edts\u00e9g\u00e9vel \u00e9s l\u00e9trehoztunk egy 20 f\u0151 befogad\u00e1s\u00e1ra alkalmas bork\u00f3stol\u00f3 helyis\u00e9get \u00e9s egy 50 f\u0151s filag\u00f3ri\u00e1t.<\/p>\n<p>Bork\u00f3stol\u00f3kat tartunk, \u00e9s falusi vend\u00e9gasztal keret\u00e9n bel\u00fcl \u2013 ig\u00e9ny szerint \u2013 szolg\u00e1lunk bogr\u00e1csos \u00e9s kemenc\u00e9s \u00e9telekkel is.<\/p>\n<p>\u00c9rdemes is hozz\u00e1nk ell\u00e1togatni, \u00e9s a k\u00f6rny\u00e9k l\u00e1tnival\u00f3it felfedezni, amikr\u0151l r\u00e9szletesebben itt tud olvasni &#8211;\u00a0<a href=\"https:\/\/vazsonyg.wixsite.com\/vazsonyi\/projects-3\">L\u00e1tnival\u00f3k<\/a>.<\/p>\n<p>A bork\u00f3stol\u00e1ssal a Pinc\u00e9szet\u00fcnk hozz\u00e1j\u00e1rul vend\u00e9geink szabadidej\u00e9nek v\u00e1ltozatos elt\u00f6lt\u00e9s\u00e9hez.<\/p>\n<p><a href=\"https:\/\/www.vazsonyipinceszet.hu\/\">https:\/\/www.vazsonyipinceszet.hu\/<\/a><\/p>\n<p>&nbsp;<\/p>\n","protected":false},"excerpt":{"rendered":"<p>2026. \u00e9vi programok, rendezv\u00e9nyek el\u0151zetes bejelent\u00e9se Tisztelt Rendezv\u00e9nyszervez\u0151k, Versenyszervez\u0151k! A Gy\u00e9k\u00e9nyes\u00e9s K\u00f6rny\u00e9ke Horg\u00e1sz \u00e9s Szabadid\u0151 Egyes\u00fclet, mint halgazd\u00e1lkod\u00f3 folyamatosan szervezi 2026. \u00e9vre a horg\u00e1szhelyek foglal\u00e1sait, horg\u00e1szversenyeit \u00e9s szakmai rendezv\u00e9nyeit a <a href=\"https:\/\/www.gyekenyesipontyhorgasz.hu\/cs\/fakultativni-vylety\/\" class=\"more-link\">&#8230;<span class=\"screen-reader-text\">  Fakultativn\u00ed v\u00fdlety<\/span><\/a><\/p>\n","protected":false},"author":1,"featured_media":3475,"parent":0,"menu_order":0,"comment_status":"closed","ping_status":"closed","template":"template-accordion.php","meta":{"footnotes":""},"class_list":["post-3476","page","type-page","status-publish","has-post-thumbnail","hentry"],"_links":{"self":[{"href":"https:\/\/www.gyekenyesipontyhorgasz.hu\/cs\/wp-json\/wp\/v2\/pages\/3476","targetHints":{"allow":["GET"]}}],"collection":[{"href":"https:\/\/www.gyekenyesipontyhorgasz.hu\/cs\/wp-json\/wp\/v2\/pages"}],"about":[{"href":"https:\/\/www.gyekenyesipontyhorgasz.hu\/cs\/wp-json\/wp\/v2\/types\/page"}],"author":[{"embeddable":true,"href":"https:\/\/www.gyekenyesipontyhorgasz.hu\/cs\/wp-json\/wp\/v2\/users\/1"}],"replies":[{"embeddable":true,"href":"https:\/\/www.gyekenyesipontyhorgasz.hu\/cs\/wp-json\/wp\/v2\/comments?post=3476"}],"version-history":[{"count":1,"href":"https:\/\/www.gyekenyesipontyhorgasz.hu\/cs\/wp-json\/wp\/v2\/pages\/3476\/revisions"}],"predecessor-version":[{"id":3485,"href":"https:\/\/www.gyekenyesipontyhorgasz.hu\/cs\/wp-json\/wp\/v2\/pages\/3476\/revisions\/3485"}],"wp:featuredmedia":[{"embeddable":true,"href":"https:\/\/www.gyekenyesipontyhorgasz.hu\/cs\/wp-json\/wp\/v2\/media\/3475"}],"wp:attachment":[{"href":"https:\/\/www.gyekenyesipontyhorgasz.hu\/cs\/wp-json\/wp\/v2\/media?parent=3476"}],"curies":[{"name":"wp","href":"https:\/\/api.w.org\/{rel}","templated":true}]}}