{"id":2136,"date":"2023-03-03T06:24:06","date_gmt":"2023-03-03T06:24:06","guid":{"rendered":"https:\/\/www.gyekenyesipontyhorgasz.hu\/?page_id=2136"},"modified":"2025-01-08T16:12:21","modified_gmt":"2025-01-08T16:12:21","slug":"14-gekennzeichnete-angelplatz","status":"publish","type":"page","link":"https:\/\/www.gyekenyesipontyhorgasz.hu\/de\/14-gekennzeichnete-angelplatz\/","title":{"rendered":"14. Gekennzeichnete Angelplatz"},"content":{"rendered":"<style type=\"text\/css\" id=\"gmpMapStyles_1_27125\">\r\n\t#google_map_easy_1_27125 {\r\n        width: 100%;\r\n        height: 600px;\r\n\t\t\t\t\t\t    }\r\n\t#gmapControlsNum_1_27125 {\r\n\t\twidth:100%\t}\r\n\t.gmpMapDetailsContainer#gmpMapDetailsContainer_1_27125 {\r\n\t\theight:600px;\r\n\t}\r\n\t.gmp_MapPreview#google_map_easy_1_27125 {\r\n\t\t\/*position:absolute;*\/\r\n\t\twidth: 100%;\r\n\t}\r\n\t#mapConElem_1_27125{\r\n\t\twidth: 100%\t}\r\n    .gm-style .gm-style-iw-c{\r\n        padding: 12px!important;\r\n    }\r\n\t    <\/style>\r\n <div class=\"gmp_map_opts\" id=\"mapConElem_1_27125\" data-id=\"1\" data-view-id=\"1_27125\" > <div class=\"gmpMapDetailsContainer\" id=\"gmpMapDetailsContainer_1_27125\"> <i class=\"gmpKMLLayersPreloader fa fa-spinner fa-spin\" aria-hidden=\"true\" style=\"display: none;\"><\/i> <div class=\"gmp_MapPreview \" id=\"google_map_easy_1_27125\"><\/div> <\/div> <div class=\"gmpMapMarkerFilters\" id=\"gmpMapMarkerFilters_1_27125\"> <\/div> <div class=\"gmpMapProControlsCon\" id=\"gmpMapProControlsCon_1_27125\"> <a title=\"WordPress Map Plugin\" style=\"display:none;\" href=\"https:\/\/supsystic.com\/plugins\/google-maps-plugin\/?utm_medium=love_link_hide\" target=\"_blank\">WordPress Map Plugin<\/a><div style=\"clear: both;\"><\/div> <\/div> <div class=\"gmpMapProDirectionsCon\" id=\"gmpMapProDirectionsCon_1_27125\" > <\/div> <div class=\"gmpMapProKmlFilterCon\" id=\"gmpMapProKmlFilterCon_1_27125\" > <\/div> <div class=\"gmpSocialSharingShell gmpSocialSharingShell_1_27125\"> <\/div> <div style=\"clear: both;\"><\/div> <\/div> \n<div class=\"map_info\"><\/p>\n<ul>\n<li>Horg\u00e1sztanya A \u2013 B \u2013 C szektor, partr\u00f3l, st\u00e9gr\u0151l bedob\u00f3s m\u00f3dszerrel t\u00f6rt\u00e9n\u0151 horg\u00e1szat<\/li>\n<li>Cs\u00f3nakb\u00f3l t\u00f6rt\u00e9n\u0151 horg\u00e1szat<\/li>\n<li>Nyugalmi ter\u00fclet<\/li>\n<li>B\u00e1nya \u00fczemi ter\u00fclet, TART\u00d3ZKODNI TILOS!<\/li>\n<li>Bojlis, beh\u00faz\u00f3s m\u00f3dszer csak neves\u00edtett helyr\u0151l<\/li>\n<li>Nyaral\u00f3hoz rendelt neves\u00edtett helyr\u0151l bojliz\u00e1s<\/li>\n<li>Dob\u00e1si ir\u00e1nyok<\/li>\n<\/ul>\n<p><\/div>\n<p>&nbsp;<\/p>\n<table class=\"table table-hover\" width=\"419\">\n<tbody>\n<tr>\n<td width=\"361\">Neves\u00edtett horg\u00e1szhely sz\u00e1ma:<\/td>\n<td width=\"58\">14<\/td>\n<\/tr>\n<tr>\n<td>Partvonaban m\u00e9rt sz\u00e9less\u00e9ge (m):<\/td>\n<td>62<\/td>\n<\/tr>\n<tr>\n<td>Partvonalt\u00f3l m\u00e9rt t\u00e1vols\u00e1ga (m):<\/td>\n<td>9<\/td>\n<\/tr>\n<tr>\n<td>Asztal- pad kihelyezve:<\/td>\n<td><\/td>\n<\/tr>\n<tr>\n<td>Lak\u00f3kocsi van rajta telep\u00edtve:<\/td>\n<td><\/td>\n<\/tr>\n<tr>\n<td>Horg\u00e1sz \u00e1ltal hozott lak\u00f3kocsival be lehet \u00e1llni:<\/td>\n<td>igen<\/td>\n<\/tr>\n<tr>\n<td>Telep\u00edthet\u0151 s\u00e1torhelyek sz\u00e1ma:<\/td>\n<td>2<\/td>\n<\/tr>\n<tr>\n<td>T\u0171zrak\u00f3 hely:<\/td>\n<td><\/td>\n<\/tr>\n<tr>\n<td>Parkol\u00f3 t\u00e1vols\u00e1ga a helyt\u0151l:<\/td>\n<td>k\u00f6zvetlen<\/td>\n<\/tr>\n<tr>\n<td>Wc t\u00e1vols\u00e1ga:<\/td>\n<td>290 m<\/td>\n<\/tr>\n<tr>\n<td>Zuhanyz\u00f3 t\u00e1vols\u00e1ga:<\/td>\n<td><\/td>\n<\/tr>\n<tr>\n<td>\u00c1ramv\u00e9teli pont t\u00e1vols\u00e1ga ( 220V &#8211; vill\u00e1s dug\u00f3 csatlakoz\u00f3):<\/td>\n<td><\/td>\n<\/tr>\n<tr>\n<td>Maximum h\u00e1ny horg\u00e1sz tud err\u0151l a helyr\u0151l horg\u00e1szni (f\u0151):<\/td>\n<td>2<\/td>\n<\/tr>\n<tr>\n<td>Maximum bedobhat\u00f3 botok sz\u00e1ma 1 jegy = 3 db bot\/f\u0151:<\/td>\n<td>6<\/td>\n<\/tr>\n<\/tbody>\n<\/table>\n<p>&nbsp;<\/p>\n<div class=\"gallery-imgs row\"><div class=\"gallery-item mb-4 col-sm-4 col-md-6 col-lg-4\"><a href=\"https:\/\/www.gyekenyesipontyhorgasz.hu\/wp-content\/uploads\/IMG_5059.jpg\"><img decoding=\"async\" src=\"https:\/\/www.gyekenyesipontyhorgasz.hu\/wp-content\/uploads\/IMG_5059-520x300.jpg\" alt=\"\" class=\"img-fluid\"><\/a><\/div><div class=\"gallery-item mb-4 col-sm-4 col-md-6 col-lg-4\"><a href=\"https:\/\/www.gyekenyesipontyhorgasz.hu\/wp-content\/uploads\/IMG_5061.jpg\"><img decoding=\"async\" src=\"https:\/\/www.gyekenyesipontyhorgasz.hu\/wp-content\/uploads\/IMG_5061-520x300.jpg\" alt=\"\" class=\"img-fluid\"><\/a><\/div><div class=\"gallery-item mb-4 col-sm-4 col-md-6 col-lg-4\"><a href=\"https:\/\/www.gyekenyesipontyhorgasz.hu\/wp-content\/uploads\/IMG_1702.jpg\"><img decoding=\"async\" src=\"https:\/\/www.gyekenyesipontyhorgasz.hu\/wp-content\/uploads\/IMG_1702-520x300.jpg\" alt=\"\" class=\"img-fluid\"><\/a><\/div><div class=\"gallery-item mb-4 col-sm-4 col-md-6 col-lg-4\"><a href=\"https:\/\/www.gyekenyesipontyhorgasz.hu\/wp-content\/uploads\/IMG_1703.jpg\"><img decoding=\"async\" src=\"https:\/\/www.gyekenyesipontyhorgasz.hu\/wp-content\/uploads\/IMG_1703-520x300.jpg\" alt=\"\" class=\"img-fluid\"><\/a><\/div><div class=\"gallery-item mb-4 col-sm-4 col-md-6 col-lg-4\"><a href=\"https:\/\/www.gyekenyesipontyhorgasz.hu\/wp-content\/uploads\/IMG_1704.jpg\"><img decoding=\"async\" src=\"https:\/\/www.gyekenyesipontyhorgasz.hu\/wp-content\/uploads\/IMG_1704-520x300.jpg\" alt=\"\" class=\"img-fluid\"><\/a><\/div><div class=\"gallery-item mb-4 col-sm-4 col-md-6 col-lg-4\"><a href=\"https:\/\/www.gyekenyesipontyhorgasz.hu\/wp-content\/uploads\/IMG_1706.jpg\"><img decoding=\"async\" src=\"https:\/\/www.gyekenyesipontyhorgasz.hu\/wp-content\/uploads\/IMG_1706-520x300.jpg\" alt=\"\" class=\"img-fluid\"><\/a><\/div><div class=\"gallery-item mb-4 col-sm-4 col-md-6 col-lg-4\"><a href=\"https:\/\/www.gyekenyesipontyhorgasz.hu\/wp-content\/uploads\/IMG_1707.jpg\"><img decoding=\"async\" src=\"https:\/\/www.gyekenyesipontyhorgasz.hu\/wp-content\/uploads\/IMG_1707-520x300.jpg\" alt=\"\" class=\"img-fluid\"><\/a><\/div><div class=\"gallery-item mb-4 col-sm-4 col-md-6 col-lg-4\"><a href=\"https:\/\/www.gyekenyesipontyhorgasz.hu\/wp-content\/uploads\/IMG_1708.jpg\"><img decoding=\"async\" src=\"https:\/\/www.gyekenyesipontyhorgasz.hu\/wp-content\/uploads\/IMG_1708-520x300.jpg\" alt=\"\" class=\"img-fluid\"><\/a><\/div><div class=\"gallery-item mb-4 col-sm-4 col-md-6 col-lg-4\"><a href=\"https:\/\/www.gyekenyesipontyhorgasz.hu\/wp-content\/uploads\/IMG_5972.jpg\"><img decoding=\"async\" src=\"https:\/\/www.gyekenyesipontyhorgasz.hu\/wp-content\/uploads\/IMG_5972-520x300.jpg\" alt=\"\" class=\"img-fluid\"><\/a><\/div><div class=\"gallery-item mb-4 col-sm-4 col-md-6 col-lg-4\"><a href=\"https:\/\/www.gyekenyesipontyhorgasz.hu\/wp-content\/uploads\/IMG_5973.jpg\"><img decoding=\"async\" src=\"https:\/\/www.gyekenyesipontyhorgasz.hu\/wp-content\/uploads\/IMG_5973-520x300.jpg\" alt=\"\" class=\"img-fluid\"><\/a><\/div><div class=\"gallery-item mb-4 col-sm-4 col-md-6 col-lg-4\"><a href=\"https:\/\/www.gyekenyesipontyhorgasz.hu\/wp-content\/uploads\/01-12.jpg\"><img decoding=\"async\" src=\"https:\/\/www.gyekenyesipontyhorgasz.hu\/wp-content\/uploads\/01-12-520x300.jpg\" alt=\"\" class=\"img-fluid\"><\/a><\/div><div class=\"gallery-item mb-4 col-sm-4 col-md-6 col-lg-4\"><a href=\"https:\/\/www.gyekenyesipontyhorgasz.hu\/wp-content\/uploads\/02-10.jpg\"><img decoding=\"async\" src=\"https:\/\/www.gyekenyesipontyhorgasz.hu\/wp-content\/uploads\/02-10-520x300.jpg\" alt=\"\" class=\"img-fluid\"><\/a><\/div><div class=\"gallery-item mb-4 col-sm-4 col-md-6 col-lg-4\"><a href=\"https:\/\/www.gyekenyesipontyhorgasz.hu\/wp-content\/uploads\/03-10.jpg\"><img decoding=\"async\" src=\"https:\/\/www.gyekenyesipontyhorgasz.hu\/wp-content\/uploads\/03-10-520x300.jpg\" alt=\"\" class=\"img-fluid\"><\/a><\/div><div class=\"gallery-item mb-4 col-sm-4 col-md-6 col-lg-4\"><a href=\"https:\/\/www.gyekenyesipontyhorgasz.hu\/wp-content\/uploads\/04-4.jpg\"><img decoding=\"async\" src=\"https:\/\/www.gyekenyesipontyhorgasz.hu\/wp-content\/uploads\/04-4-520x300.jpg\" alt=\"\" class=\"img-fluid\"><\/a><\/div><\/div>\n","protected":false},"excerpt":{"rendered":"<p>&nbsp; Neves\u00edtett horg\u00e1szhely sz\u00e1ma: 14 Partvonaban m\u00e9rt sz\u00e9less\u00e9ge (m): 62 Partvonalt\u00f3l m\u00e9rt t\u00e1vols\u00e1ga (m): 9 Asztal- pad kihelyezve: Lak\u00f3kocsi van rajta telep\u00edtve: Horg\u00e1sz \u00e1ltal hozott lak\u00f3kocsival be lehet \u00e1llni: igen <a href=\"https:\/\/www.gyekenyesipontyhorgasz.hu\/de\/14-gekennzeichnete-angelplatz\/\" class=\"more-link\">&#8230;<span class=\"screen-reader-text\">  14. Gekennzeichnete Angelplatz<\/span><\/a><\/p>\n","protected":false},"author":2,"featured_media":2073,"parent":0,"menu_order":0,"comment_status":"closed","ping_status":"closed","template":"","meta":{"footnotes":""},"class_list":["post-2136","page","type-page","status-publish","has-post-thumbnail","hentry"],"_links":{"self":[{"href":"https:\/\/www.gyekenyesipontyhorgasz.hu\/de\/wp-json\/wp\/v2\/pages\/2136","targetHints":{"allow":["GET"]}}],"collection":[{"href":"https:\/\/www.gyekenyesipontyhorgasz.hu\/de\/wp-json\/wp\/v2\/pages"}],"about":[{"href":"https:\/\/www.gyekenyesipontyhorgasz.hu\/de\/wp-json\/wp\/v2\/types\/page"}],"author":[{"embeddable":true,"href":"https:\/\/www.gyekenyesipontyhorgasz.hu\/de\/wp-json\/wp\/v2\/users\/2"}],"replies":[{"embeddable":true,"href":"https:\/\/www.gyekenyesipontyhorgasz.hu\/de\/wp-json\/wp\/v2\/comments?post=2136"}],"version-history":[{"count":2,"href":"https:\/\/www.gyekenyesipontyhorgasz.hu\/de\/wp-json\/wp\/v2\/pages\/2136\/revisions"}],"predecessor-version":[{"id":2185,"href":"https:\/\/www.gyekenyesipontyhorgasz.hu\/de\/wp-json\/wp\/v2\/pages\/2136\/revisions\/2185"}],"wp:featuredmedia":[{"embeddable":true,"href":"https:\/\/www.gyekenyesipontyhorgasz.hu\/de\/wp-json\/wp\/v2\/media\/2073"}],"wp:attachment":[{"href":"https:\/\/www.gyekenyesipontyhorgasz.hu\/de\/wp-json\/wp\/v2\/media?parent=2136"}],"curies":[{"name":"wp","href":"https:\/\/api.w.org\/{rel}","templated":true}]}}