{"id":2377,"date":"2021-09-26T16:02:46","date_gmt":"2021-09-26T16:02:46","guid":{"rendered":"https:\/\/www.gyekenyesipontyhorgasz.hu\/?page_id=2377"},"modified":"2026-02-20T08:27:30","modified_gmt":"2026-02-20T08:27:30","slug":"kontakt-2","status":"publish","type":"page","link":"https:\/\/www.gyekenyesipontyhorgasz.hu\/de\/kontakt-2\/","title":{"rendered":"Kontakt"},"content":{"rendered":"<p style=\"text-align: center;\">Angel- und Freizeitverein Gy\u00e9k\u00e9nyes und Umgebung<\/p>\n<p style=\"text-align: center;\">Kundenservice:<\/p>\n<p style=\"text-align: center;\">8851 Gy\u00e9k\u00e9nyes, Seeufer, Sektor A \/ 1A, Alter Mineneingang, Fischaufseherhaus, Rezeption, Ticketverkauf<\/p>\n<p style=\"text-align: center;\">\n<p style=\"text-align: center;\">Reservierungsmanagement, Kundenservice, Verkauf, Organisation von Vereinsversammlungen und Wettk\u00e4mpfen:<\/p>\n<p style=\"text-align: center;\">Mobil: +36 30 717 8560<\/p>\n<p style=\"text-align: center;\">Steuernummer: 18744547-2-14<\/p>\n<p style=\"text-align: center;\">Kontonummer: OTP Bank 11743088-21131000<\/p>\n<p style=\"text-align: center;\">\n<p style=\"text-align: center;\">Zsolt K\u00f3r\u00f3di \u2013 Pr\u00e4sident<\/p>\n<p style=\"text-align: center;\">Szabolcs Jank\u00f3 \u2013 Vizepr\u00e4sident<\/p>\n<p style=\"text-align: center;\">\n<p style=\"text-align: center;\">\n<p style=\"text-align: center;\">E-Mail: <a href=\"mailto:gyekenyeshorgaszegyesulet@gmail.com\">gyekenyeshorgaszegyesulet@gmail.com<\/a><\/p>\n<p style=\"text-align: center;\">Kundenservice, Vertrieb<\/p>\n<p style=\"text-align: center;\">Mobil: +36 30 717 8560<\/p>\n<p style=\"text-align: center;\">\n<p style=\"text-align: center;\">Meldung von F\u00e4ngen \u00fcber 15 kg und \u00dcberpr\u00fcfung der Fangdaten rund um die Uhr: Telefon +36 30 389 4936 +36 30 425 6194<\/p>\n<p style=\"text-align: center;\">Anpassung individueller Angelplatz- oder Unterkunftsw\u00fcnsche Montag bis Freitag zwischen 8:00 und 15:30 Uhr: +36 30 717 8560<\/p>\n<p style=\"text-align: center;\">Marketing, Presse- und Medienarbeit: +36 30 717 8560<\/p>\n<p style=\"text-align: center;\">Ver\u00f6ffentlichung von Erfolgsgeschichten und Erfahrungsberichten: <a href=\"mailto:gyekenyesipontyhorgasz@gmail.com\">gyekenyesipontyhorgasz@gmail.com<\/a><\/p>\n<p style=\"text-align: center;\">\n<p style=\"text-align: center;\">Bei Zahlung per Bank\u00fcberweisung f\u00fcr Reservierungen und Ticketk\u00e4ufe muss die \u00dcberweisung auf folgendes Konto erfolgen:<\/p>\n<p style=\"text-align: center;\">\n<p style=\"text-align: center;\">BolPlan Kft<\/p>\n<p style=\"text-align: center;\">Adresse: 8852 Z\u00e1k\u00e1ny M\u00e1jus 1 u. 23.<\/p>\n<p style=\"text-align: center;\">Kontonummer: 10400717-50526874-55491003<\/p>\n<p style=\"text-align: center;\">SWIFT\/BIC: OKHB HUHB IBAN: HU7910400717-50526874-55491003<\/p>\n<p style=\"text-align: center;\">Bank: K&amp;H Bank, Adresse: 8800 Nagykanizsa F\u0151 u. 2.<\/p>\n<p style=\"text-align: center;\">\n<p style=\"text-align: center;\">\n<p style=\"text-align: center;\"><a href=\"https:\/\/youtube.com\/channel\/UClrdXlP9GWMxkisvDC541Jg\">Youtube csatorn\u00e1nkat itt \u00e9red el.<\/a><\/p>\n<p style=\"text-align: center;\"><a href=\"https:\/\/www.facebook.com\/gyekenyeshorgaszegyesulet\/\">Facebook oldalunkat itt \u00e9red el.<\/a><\/p>\n","protected":false},"excerpt":{"rendered":"<p>Angel- und Freizeitverein Gy\u00e9k\u00e9nyes und Umgebung Kundenservice: 8851 Gy\u00e9k\u00e9nyes, Seeufer, Sektor A \/ 1A, Alter Mineneingang, Fischaufseherhaus, Rezeption, Ticketverkauf Reservierungsmanagement, Kundenservice, Verkauf, Organisation von Vereinsversammlungen und Wettk\u00e4mpfen: Mobil: +36 30 <a href=\"https:\/\/www.gyekenyesipontyhorgasz.hu\/de\/kontakt-2\/\" class=\"more-link\">&#8230;<span class=\"screen-reader-text\">  Kontakt<\/span><\/a><\/p>\n","protected":false},"author":2,"featured_media":2073,"parent":0,"menu_order":0,"comment_status":"closed","ping_status":"closed","template":"","meta":{"footnotes":""},"class_list":["post-2377","page","type-page","status-publish","has-post-thumbnail","hentry"],"_links":{"self":[{"href":"https:\/\/www.gyekenyesipontyhorgasz.hu\/de\/wp-json\/wp\/v2\/pages\/2377","targetHints":{"allow":["GET"]}}],"collection":[{"href":"https:\/\/www.gyekenyesipontyhorgasz.hu\/de\/wp-json\/wp\/v2\/pages"}],"about":[{"href":"https:\/\/www.gyekenyesipontyhorgasz.hu\/de\/wp-json\/wp\/v2\/types\/page"}],"author":[{"embeddable":true,"href":"https:\/\/www.gyekenyesipontyhorgasz.hu\/de\/wp-json\/wp\/v2\/users\/2"}],"replies":[{"embeddable":true,"href":"https:\/\/www.gyekenyesipontyhorgasz.hu\/de\/wp-json\/wp\/v2\/comments?post=2377"}],"version-history":[{"count":2,"href":"https:\/\/www.gyekenyesipontyhorgasz.hu\/de\/wp-json\/wp\/v2\/pages\/2377\/revisions"}],"predecessor-version":[{"id":3724,"href":"https:\/\/www.gyekenyesipontyhorgasz.hu\/de\/wp-json\/wp\/v2\/pages\/2377\/revisions\/3724"}],"wp:featuredmedia":[{"embeddable":true,"href":"https:\/\/www.gyekenyesipontyhorgasz.hu\/de\/wp-json\/wp\/v2\/media\/2073"}],"wp:attachment":[{"href":"https:\/\/www.gyekenyesipontyhorgasz.hu\/de\/wp-json\/wp\/v2\/media?parent=2377"}],"curies":[{"name":"wp","href":"https:\/\/api.w.org\/{rel}","templated":true}]}}