{"id":2630,"date":"2021-09-26T15:38:03","date_gmt":"2021-09-26T15:38:03","guid":{"rendered":"https:\/\/www.gyekenyesipontyhorgasz.hu\/?page_id=2630"},"modified":"2025-01-21T09:55:49","modified_gmt":"2025-01-21T09:55:49","slug":"fakultative-programme","status":"publish","type":"page","link":"https:\/\/www.gyekenyesipontyhorgasz.hu\/de\/fakultative-programme\/","title":{"rendered":"Fakultative Programme"},"content":{"rendered":"<h3><img loading=\"lazy\" decoding=\"async\" class=\"aligncenter wp-image-1754\" src=\"https:\/\/www.gyekenyesipontyhorgasz.hu\/wp-content\/uploads\/plakat.jpg\" alt=\"\" width=\"650\" height=\"919\" srcset=\"https:\/\/www.gyekenyesipontyhorgasz.hu\/wp-content\/uploads\/plakat.jpg 2339w, https:\/\/www.gyekenyesipontyhorgasz.hu\/wp-content\/uploads\/plakat-212x300.jpg 212w, https:\/\/www.gyekenyesipontyhorgasz.hu\/wp-content\/uploads\/plakat-724x1024.jpg 724w\" sizes=\"auto, (max-width: 650px) 100vw, 650px\" \/><\/h3>\n<h3><img loading=\"lazy\" decoding=\"async\" class=\"aligncenter wp-image-1623\" src=\"https:\/\/www.gyekenyesipontyhorgasz.hu\/wp-content\/uploads\/IMG_5389.jpeg\" alt=\"\" width=\"500\" height=\"706\" srcset=\"https:\/\/www.gyekenyesipontyhorgasz.hu\/wp-content\/uploads\/IMG_5389.jpeg 906w, https:\/\/www.gyekenyesipontyhorgasz.hu\/wp-content\/uploads\/IMG_5389-212x300.jpeg 212w, https:\/\/www.gyekenyesipontyhorgasz.hu\/wp-content\/uploads\/IMG_5389-725x1024.jpeg 725w\" sizes=\"auto, (max-width: 500px) 100vw, 500px\" \/><\/h3>\n<h3><\/h3>\n<h3><img loading=\"lazy\" decoding=\"async\" class=\"aligncenter wp-image-1619\" src=\"https:\/\/www.gyekenyesipontyhorgasz.hu\/wp-content\/uploads\/IMG_5387.jpeg\" alt=\"\" width=\"500\" height=\"714\" srcset=\"https:\/\/www.gyekenyesipontyhorgasz.hu\/wp-content\/uploads\/IMG_5387.jpeg 896w, https:\/\/www.gyekenyesipontyhorgasz.hu\/wp-content\/uploads\/IMG_5387-210x300.jpeg 210w, https:\/\/www.gyekenyesipontyhorgasz.hu\/wp-content\/uploads\/IMG_5387-717x1024.jpeg 717w\" sizes=\"auto, (max-width: 500px) 100vw, 500px\" \/><\/h3>\n<p><img loading=\"lazy\" decoding=\"async\" class=\"aligncenter wp-image-1621\" src=\"https:\/\/www.gyekenyesipontyhorgasz.hu\/wp-content\/uploads\/IMG_5388.jpeg\" alt=\"\" width=\"500\" height=\"710\" srcset=\"https:\/\/www.gyekenyesipontyhorgasz.hu\/wp-content\/uploads\/IMG_5388.jpeg 901w, https:\/\/www.gyekenyesipontyhorgasz.hu\/wp-content\/uploads\/IMG_5388-211x300.jpeg 211w, https:\/\/www.gyekenyesipontyhorgasz.hu\/wp-content\/uploads\/IMG_5388-721x1024.jpeg 721w\" sizes=\"auto, (max-width: 500px) 100vw, 500px\" \/><\/p>\n<h3><img loading=\"lazy\" decoding=\"async\" class=\"aligncenter wp-image-1550\" src=\"https:\/\/www.gyekenyesipontyhorgasz.hu\/wp-content\/uploads\/TARSADALMI-MUNKA.jpg\" alt=\"\" width=\"600\" height=\"848\" srcset=\"https:\/\/www.gyekenyesipontyhorgasz.hu\/wp-content\/uploads\/TARSADALMI-MUNKA.jpg 1654w, https:\/\/www.gyekenyesipontyhorgasz.hu\/wp-content\/uploads\/TARSADALMI-MUNKA-212x300.jpg 212w, https:\/\/www.gyekenyesipontyhorgasz.hu\/wp-content\/uploads\/TARSADALMI-MUNKA-724x1024.jpg 724w\" sizes=\"auto, (max-width: 600px) 100vw, 600px\" \/><\/h3>\n<h3><\/h3>\n<h3><img loading=\"lazy\" decoding=\"async\" class=\"aligncenter wp-image-1553\" src=\"https:\/\/www.gyekenyesipontyhorgasz.hu\/wp-content\/uploads\/horgasz-plakat.jpg\" alt=\"\" width=\"600\" height=\"848\" srcset=\"https:\/\/www.gyekenyesipontyhorgasz.hu\/wp-content\/uploads\/horgasz-plakat.jpg 2482w, https:\/\/www.gyekenyesipontyhorgasz.hu\/wp-content\/uploads\/horgasz-plakat-212x300.jpg 212w, https:\/\/www.gyekenyesipontyhorgasz.hu\/wp-content\/uploads\/horgasz-plakat-725x1024.jpg 725w\" sizes=\"auto, (max-width: 600px) 100vw, 600px\" \/><\/h3>\n<p style=\"text-align: center;\">Jelen rendezv\u00e9ny\/kiadv\u00e1ny a MOHOSZ Horg\u00e1sz Ut\u00e1np\u00f3tl\u00e1s-nevel\u00e9s \u00e9s Oktat\u00e1si Program p\u00e1ly\u00e1zati t\u00e1mogat\u00e1s\u00e1val val\u00f3sult meg\/k\u00e9sz\u00fclt el.<\/p>\n<p>&nbsp;<\/p>\n<p>&nbsp;<\/p>\n<p>&nbsp;<\/p>\n<h3><img loading=\"lazy\" decoding=\"async\" class=\"aligncenter wp-image-1302\" src=\"https:\/\/www.gyekenyesipontyhorgasz.hu\/wp-content\/uploads\/TARSADALMI-MUNKA-masolat.jpg\" alt=\"\" width=\"595\" height=\"842\" srcset=\"https:\/\/www.gyekenyesipontyhorgasz.hu\/wp-content\/uploads\/TARSADALMI-MUNKA-masolat.jpg 2479w, https:\/\/www.gyekenyesipontyhorgasz.hu\/wp-content\/uploads\/TARSADALMI-MUNKA-masolat-212x300.jpg 212w, https:\/\/www.gyekenyesipontyhorgasz.hu\/wp-content\/uploads\/TARSADALMI-MUNKA-masolat-724x1024.jpg 724w\" sizes=\"auto, (max-width: 595px) 100vw, 595px\" \/><img loading=\"lazy\" decoding=\"async\" class=\"alignnone size-full wp-image-1243 aligncenter\" src=\"https:\/\/www.gyekenyesipontyhorgasz.hu\/wp-content\/uploads\/tarsadalmi_munka_aprilis.jpg\" alt=\"\" width=\"595\" height=\"841\" srcset=\"https:\/\/www.gyekenyesipontyhorgasz.hu\/wp-content\/uploads\/tarsadalmi_munka_aprilis.jpg 595w, https:\/\/www.gyekenyesipontyhorgasz.hu\/wp-content\/uploads\/tarsadalmi_munka_aprilis-212x300.jpg 212w\" sizes=\"auto, (max-width: 595px) 100vw, 595px\" \/><\/h3>\n<h3><a href=\"https:\/\/www.gyekenyesipontyhorgasz.hu\/wp-content\/uploads\/roffenjunk_ossze.jpg\"><img loading=\"lazy\" decoding=\"async\" class=\"aligncenter wp-image-744 size-large\" src=\"https:\/\/www.gyekenyesipontyhorgasz.hu\/wp-content\/uploads\/roffenjunk_ossze-724x1024.jpg\" alt=\"\" width=\"724\" height=\"1024\" srcset=\"https:\/\/www.gyekenyesipontyhorgasz.hu\/wp-content\/uploads\/roffenjunk_ossze-724x1024.jpg 724w, https:\/\/www.gyekenyesipontyhorgasz.hu\/wp-content\/uploads\/roffenjunk_ossze-212x300.jpg 212w, https:\/\/www.gyekenyesipontyhorgasz.hu\/wp-content\/uploads\/roffenjunk_ossze.jpg 905w\" sizes=\"auto, (max-width: 724px) 100vw, 724px\" \/><\/a><\/h3>\n<h3 style=\"text-align: center;\">Hazaj\u00e1r\u00f3k m\u0171sor<\/h3>\n<p style=\"text-align: center;\">\n<div class=\"ratio ratio-16x9\">\n<div class=\"ratio ratio-16x9\"><iframe loading=\"lazy\" title=\"Dr\u00e1vamente \u2013 L\u00e9gr\u00e1dt\u00f3l Hereszny\u00e9ig\" width=\"1778\" height=\"1000\" src=\"https:\/\/www.youtube.com\/embed\/8xnZr8cNYOM?feature=oembed\" frameborder=\"0\" allow=\"accelerometer; autoplay; clipboard-write; encrypted-media; gyroscope; picture-in-picture; web-share\" referrerpolicy=\"strict-origin-when-cross-origin\" allowfullscreen><\/iframe><\/div>\n<\/div>\n","protected":false},"excerpt":{"rendered":"<p>Jelen rendezv\u00e9ny\/kiadv\u00e1ny a MOHOSZ Horg\u00e1sz Ut\u00e1np\u00f3tl\u00e1s-nevel\u00e9s \u00e9s Oktat\u00e1si Program p\u00e1ly\u00e1zati t\u00e1mogat\u00e1s\u00e1val val\u00f3sult meg\/k\u00e9sz\u00fclt el. &nbsp; &nbsp; &nbsp; Hazaj\u00e1r\u00f3k m\u0171sor<\/p>\n","protected":false},"author":1,"featured_media":2631,"parent":0,"menu_order":0,"comment_status":"closed","ping_status":"closed","template":"template-accordion.php","meta":{"footnotes":""},"class_list":["post-2630","page","type-page","status-publish","has-post-thumbnail","hentry"],"_links":{"self":[{"href":"https:\/\/www.gyekenyesipontyhorgasz.hu\/de\/wp-json\/wp\/v2\/pages\/2630","targetHints":{"allow":["GET"]}}],"collection":[{"href":"https:\/\/www.gyekenyesipontyhorgasz.hu\/de\/wp-json\/wp\/v2\/pages"}],"about":[{"href":"https:\/\/www.gyekenyesipontyhorgasz.hu\/de\/wp-json\/wp\/v2\/types\/page"}],"author":[{"embeddable":true,"href":"https:\/\/www.gyekenyesipontyhorgasz.hu\/de\/wp-json\/wp\/v2\/users\/1"}],"replies":[{"embeddable":true,"href":"https:\/\/www.gyekenyesipontyhorgasz.hu\/de\/wp-json\/wp\/v2\/comments?post=2630"}],"version-history":[{"count":1,"href":"https:\/\/www.gyekenyesipontyhorgasz.hu\/de\/wp-json\/wp\/v2\/pages\/2630\/revisions"}],"predecessor-version":[{"id":2632,"href":"https:\/\/www.gyekenyesipontyhorgasz.hu\/de\/wp-json\/wp\/v2\/pages\/2630\/revisions\/2632"}],"wp:featuredmedia":[{"embeddable":true,"href":"https:\/\/www.gyekenyesipontyhorgasz.hu\/de\/wp-json\/wp\/v2\/media\/2631"}],"wp:attachment":[{"href":"https:\/\/www.gyekenyesipontyhorgasz.hu\/de\/wp-json\/wp\/v2\/media?parent=2630"}],"curies":[{"name":"wp","href":"https:\/\/api.w.org\/{rel}","templated":true}]}}