{"id":2633,"date":"2022-10-26T10:27:41","date_gmt":"2022-10-26T10:27:41","guid":{"rendered":"https:\/\/www.gyekenyesipontyhorgasz.hu\/?page_id=2633"},"modified":"2025-01-21T09:56:36","modified_gmt":"2025-01-21T09:56:36","slug":"unterstuetzer-und-kooperationspartner","status":"publish","type":"page","link":"https:\/\/www.gyekenyesipontyhorgasz.hu\/de\/unterstuetzer-und-kooperationspartner\/","title":{"rendered":"Unterst\u00fctzer und Kooperationspartner"},"content":{"rendered":"<h4 style=\"text-align: center;\">II. Raptor Bar\u00e1ti Pontyhorg\u00e1sz Tal\u00e1lkoz\u00f3<br \/>\nGy\u00e9k\u00e9nyes &#8211; 2024.<\/h4>\n<h4 style=\"text-align: center;\">t\u00e1mogat\u00f3k<\/h4>\n<p>&nbsp;<\/p>\n<p><img loading=\"lazy\" decoding=\"async\" class=\"aligncenter wp-image-2032\" src=\"https:\/\/www.gyekenyesipontyhorgasz.hu\/wp-content\/uploads\/raptor1.jpg\" alt=\"\" width=\"400\" height=\"283\" srcset=\"https:\/\/www.gyekenyesipontyhorgasz.hu\/wp-content\/uploads\/raptor1.jpg 3508w, https:\/\/www.gyekenyesipontyhorgasz.hu\/wp-content\/uploads\/raptor1-300x212.jpg 300w, https:\/\/www.gyekenyesipontyhorgasz.hu\/wp-content\/uploads\/raptor1-1024x724.jpg 1024w\" sizes=\"auto, (max-width: 400px) 100vw, 400px\" \/><\/p>\n<p><img loading=\"lazy\" decoding=\"async\" class=\"aligncenter wp-image-2030\" src=\"https:\/\/www.gyekenyesipontyhorgasz.hu\/wp-content\/uploads\/raptor2.jpg\" alt=\"\" width=\"400\" height=\"283\" srcset=\"https:\/\/www.gyekenyesipontyhorgasz.hu\/wp-content\/uploads\/raptor2.jpg 3508w, https:\/\/www.gyekenyesipontyhorgasz.hu\/wp-content\/uploads\/raptor2-300x212.jpg 300w, https:\/\/www.gyekenyesipontyhorgasz.hu\/wp-content\/uploads\/raptor2-1024x724.jpg 1024w\" sizes=\"auto, (max-width: 400px) 100vw, 400px\" \/><\/p>\n<p><img loading=\"lazy\" decoding=\"async\" class=\"aligncenter wp-image-2028\" src=\"https:\/\/www.gyekenyesipontyhorgasz.hu\/wp-content\/uploads\/raptor3.jpg\" alt=\"\" width=\"400\" height=\"519\" srcset=\"https:\/\/www.gyekenyesipontyhorgasz.hu\/wp-content\/uploads\/raptor3.jpg 1557w, https:\/\/www.gyekenyesipontyhorgasz.hu\/wp-content\/uploads\/raptor3-231x300.jpg 231w, https:\/\/www.gyekenyesipontyhorgasz.hu\/wp-content\/uploads\/raptor3-789x1024.jpg 789w\" sizes=\"auto, (max-width: 400px) 100vw, 400px\" \/><\/p>\n<p>&nbsp;<\/p>\n<p>&nbsp;<\/p>\n<h4 class=\"widget-title\" style=\"text-align: center;\">1. WCCG Winter Carp Cup HORGA\u0301SZVERSENY t\u00e1mogat\u00f3k<\/h4>\n<p><img loading=\"lazy\" decoding=\"async\" class=\"wp-image-1580 aligncenter\" src=\"https:\/\/www.gyekenyesipontyhorgasz.hu\/wp-content\/uploads\/FH_logo_blue_bigger.png\" alt=\"\" width=\"150\" height=\"170\" srcset=\"https:\/\/www.gyekenyesipontyhorgasz.hu\/wp-content\/uploads\/FH_logo_blue_bigger.png 1181w, https:\/\/www.gyekenyesipontyhorgasz.hu\/wp-content\/uploads\/FH_logo_blue_bigger-264x300.png 264w, https:\/\/www.gyekenyesipontyhorgasz.hu\/wp-content\/uploads\/FH_logo_blue_bigger-902x1024.png 902w\" sizes=\"auto, (max-width: 150px) 100vw, 150px\" \/><\/p>\n<p><img loading=\"lazy\" decoding=\"async\" class=\"aligncenter wp-image-1578\" src=\"https:\/\/www.gyekenyesipontyhorgasz.hu\/wp-content\/uploads\/05-3.jpg\" alt=\"\" width=\"200\" height=\"201\" srcset=\"https:\/\/www.gyekenyesipontyhorgasz.hu\/wp-content\/uploads\/05-3.jpg 1080w, https:\/\/www.gyekenyesipontyhorgasz.hu\/wp-content\/uploads\/05-3-300x300.jpg 300w, https:\/\/www.gyekenyesipontyhorgasz.hu\/wp-content\/uploads\/05-3-1020x1024.jpg 1020w, https:\/\/www.gyekenyesipontyhorgasz.hu\/wp-content\/uploads\/05-3-150x150.jpg 150w\" sizes=\"auto, (max-width: 200px) 100vw, 200px\" \/><\/p>\n<p>&nbsp;<\/p>\n<p><img loading=\"lazy\" decoding=\"async\" class=\"wp-image-1576 aligncenter\" src=\"https:\/\/www.gyekenyesipontyhorgasz.hu\/wp-content\/uploads\/03.png\" alt=\"\" width=\"250\" height=\"125\" srcset=\"https:\/\/www.gyekenyesipontyhorgasz.hu\/wp-content\/uploads\/03.png 3780w, https:\/\/www.gyekenyesipontyhorgasz.hu\/wp-content\/uploads\/03-300x150.png 300w, https:\/\/www.gyekenyesipontyhorgasz.hu\/wp-content\/uploads\/03-1024x512.png 1024w\" sizes=\"auto, (max-width: 250px) 100vw, 250px\" \/><\/p>\n<p>&nbsp;<\/p>\n<p style=\"text-align: justify;\">A SATUR BAITS Kft. mag\u00e1nszem\u00e9lyek tulajdon\u00e1ban l\u00e9v\u0151 horg\u00e1szati csalikat \u00e9s foly\u00e9kony kieg\u00e9sz\u00edt\u0151ket gy\u00e1rt\u00f3 \u00e9s forgalmaz\u00f3 v\u00e1llalkoz\u00e1s.<br \/>\nAz \u00e1ltaluk el\u00e1ll\u00edtott anyagok mind \u00fagy lettek beltartalmilag optimaliz\u00e1lva, hogy a siker\u00e9lm\u00e9ny garant\u00e1l\u00e1sa mellett is biztos\u00edtott legyen a vizek min\u0151s\u00e9g\u00e9nek v\u00e9delme \u00e9s a halak eg\u00e9szs\u00e9gi \u00e1llapot\u00e1nak \u0151rz\u00e9se.<br \/>\nVev\u0151ik el\u00e9gedetts\u00e9ge a kimagasl\u00f3 min\u0151s\u00e9g\u0171 term\u00e9kek gy\u00e1rt\u00e1s\u00e1nak, a hat\u00e1rid\u0151k pontos betart\u00e1s\u00e1nak, az ir\u00e1ny\u00edt\u00f3 csapat rugalmas gondolkod\u00e1s\u00e1nak, valamint a piaci ig\u00e9nyek folyamatos nyomon k\u00f6vet\u00e9s\u00e9nek k\u00f6sz\u00f6nhet\u0151.<br \/>\nNagy hangs\u00falyt fektetnek a versenyhorg\u00e1szok minden ig\u00e9ny\u00e9t kiel\u00e9g\u00edt\u0151 term\u00e9kek fog\u00f3ss\u00e1g\u00e1ra.<br \/>\nHamarosan egy \u00faj term\u00e9kcsal\u00e1ddal ismerkedhettek meg, melyet igyekeztek az \u00e9vek alatt \u00fagy kifejleszteni, hogy az a lehet\u0151 legnagyobb m\u00e9rt\u00e9kben meg\u00e1llja a hely\u00e9t b\u00e1rmilyen versenyk\u00f6r\u00fclm\u00e9nyek k\u00f6zt.<br \/>\nHamarosan r\u00e9szletesen is megismerkedhettek vel\u00fck.<br \/>\nA term\u00e9kr\u0151l b\u0151vebben, hogy mi is az a plussz ami garant\u00e1lja az \u00e9lm\u00e9nyt hamarosan az oldalunkon is olvashattok.<\/p>\n<p style=\"text-align: justify;\">Amennyiben k\u00edv\u00e1ncsiak vagytok k\u00f6vess\u00e9tek \u0151ket.<\/p>\n<p style=\"text-align: justify;\">Facebook: SATUR BAITS<br \/>\nWebshop: <a href=\"https:\/\/saturbaits.hu\/\">https:\/\/saturbaits.hu\/<\/a><\/p>\n<p>&nbsp;<\/p>\n<p><img loading=\"lazy\" decoding=\"async\" class=\"aligncenter wp-image-1610\" src=\"https:\/\/www.gyekenyesipontyhorgasz.hu\/wp-content\/uploads\/don-carp-baits-fb-logo-hq-04.jpg\" alt=\"\" width=\"250\" height=\"250\" srcset=\"https:\/\/www.gyekenyesipontyhorgasz.hu\/wp-content\/uploads\/don-carp-baits-fb-logo-hq-04.jpg 1000w, https:\/\/www.gyekenyesipontyhorgasz.hu\/wp-content\/uploads\/don-carp-baits-fb-logo-hq-04-300x300.jpg 300w, https:\/\/www.gyekenyesipontyhorgasz.hu\/wp-content\/uploads\/don-carp-baits-fb-logo-hq-04-150x150.jpg 150w\" sizes=\"auto, (max-width: 250px) 100vw, 250px\" \/><\/p>\n<p style=\"background: white; text-align: justify;\"><span lang=\"EN-US\" style=\"font-family: 'Arial',sans-serif; color: #222222;\">Szeretn\u00e9nk bemutatni a Don Carp Baits csapat\u00e1t. Egy olyan szenved\u00e9lyes csapatot, amely a horg\u00e1szok sz\u00e1m\u00e1ra kiv\u00e1l\u00f3 min\u0151s\u00e9g\u0171 csalik gy\u00e1rt\u00e1s\u00e1val foglalkozik. A Don Carp Baits 2019-ben egy izgalmas tulajdonosv\u00e1lt\u00e1son ment kereszt\u00fcl, amelynek eredm\u00e9nyek\u00e9nt a m\u00e1rka egy \u00faj lend\u00fcletet kapott, \u00e9s olyan innovat\u00edv term\u00e9keket kezdett el k\u00edn\u00e1lni, amelyek m\u00e9g ink\u00e1bb kiel\u00e9g\u00edtik a horg\u00e1szok ig\u00e9nyeit.<\/span><\/p>\n<p style=\"background: white; text-align: justify;\"><span lang=\"EN-US\" style=\"font-family: 'Arial',sans-serif; color: #222222;\">Az \u00faj tulajdonosi csapat elk\u00f6telezett abban, hogy a Don Carp Baits tov\u00e1bbra is a horg\u00e1szok legjobb bar\u00e1tja legyen a v\u00edzparton. A term\u00e9kek tervez\u00e9se \u00e9s gy\u00e1rt\u00e1sa sor\u00e1n kiemelt figyelmet ford\u00edtanak a min\u0151s\u00e9gre \u00e9s a fenntarthat\u00f3s\u00e1gra. Az \u00f6kol\u00f3giai szempontoknak val\u00f3 megfelel\u00e9s \u00e9s a term\u00e9szet tisztelete fontos sz\u00e1mukra.<\/span><\/p>\n<p style=\"background: white; text-align: justify;\"><span lang=\"EN-US\" style=\"font-family: 'Arial',sans-serif; color: #222222;\">A Don Carp Baits m\u00e1rka sikere nemcsak haz\u00e1j\u00e1ban, hanem Szlov\u00e1ki\u00e1ban is egyre ink\u00e1bb terjed. A szlov\u00e1kiai forgalmaz\u00f3 gondoskodik arr\u00f3l, hogy a helyi horg\u00e1szok is hozz\u00e1f\u00e9rjenek a Don Carp Baits term\u00e9keihez, \u00e9s \u00e9lvezhess\u00e9k a c\u00e9g \u00e1ltal k\u00edn\u00e1lt min\u0151s\u00e9get \u00e9s megb\u00edzhat\u00f3s\u00e1got.<\/span><\/p>\n<p style=\"background: white; text-align: justify;\"><span lang=\"EN-US\" style=\"font-family: 'Arial',sans-serif; color: #222222;\">A Don Carp Baits csapata elk\u00f6telezett abban, hogy tov\u00e1bbra is fejl\u0151dj\u00f6n, \u00e9s hogy a horg\u00e1szok sz\u00e1m\u00e1ra olyan term\u00e9keket k\u00edn\u00e1ljon, amelyek seg\u00edtenek nekik m\u00e9g sikeresebb\u00e9 \u00e9s \u00e9lvezetesebb\u00e9 tenni a horg\u00e1szatot. B\u00edzunk benne, hogy a j\u00f6v\u0151ben is megb\u00edzhatnak benn\u00fcnk, \u00e9s hogy csalijainkkal hozz\u00e1j\u00e1rulhatunk a horg\u00e1sz\u00e9lm\u00e9ny\u00fckh\u00f6z.<\/span><\/p>\n<p style=\"background: white; text-align: justify;\"><span lang=\"EN-US\" style=\"font-family: 'Arial',sans-serif; color: #222222;\">\u00dcdv\u00f6zlettel:DonCarBaits Team<\/span><\/p>\n<div class=\"ratio ratio-16x9\">\n<div class=\"ratio ratio-16x9\"><iframe loading=\"lazy\" title=\"DCB Team\" width=\"1778\" height=\"1000\" src=\"https:\/\/www.youtube.com\/embed\/2oSppI6482I?feature=oembed\" frameborder=\"0\" allow=\"accelerometer; autoplay; clipboard-write; encrypted-media; gyroscope; picture-in-picture; web-share\" referrerpolicy=\"strict-origin-when-cross-origin\" allowfullscreen><\/iframe><\/div>\n<\/div>\n<p>&nbsp;<\/p>\n<p><img loading=\"lazy\" decoding=\"async\" class=\"aligncenter wp-image-1616\" src=\"https:\/\/www.gyekenyesipontyhorgasz.hu\/wp-content\/uploads\/Mikbaits_logo.jpg\" alt=\"\" width=\"450\" height=\"102\" srcset=\"https:\/\/www.gyekenyesipontyhorgasz.hu\/wp-content\/uploads\/Mikbaits_logo.jpg 539w, https:\/\/www.gyekenyesipontyhorgasz.hu\/wp-content\/uploads\/Mikbaits_logo-300x68.jpg 300w\" sizes=\"auto, (max-width: 450px) 100vw, 450px\" \/><\/p>\n<p>&nbsp;<\/p>\n<div class=\"ratio ratio-16x9\">\n<div class=\"ratio ratio-16x9\"><iframe loading=\"lazy\" title=\"Mikbaits Gy\u00e9k\u00e9nyes\" width=\"1778\" height=\"1000\" src=\"https:\/\/www.youtube.com\/embed\/VCbPpgVUJlI?feature=oembed\" frameborder=\"0\" allow=\"accelerometer; autoplay; clipboard-write; encrypted-media; gyroscope; picture-in-picture; web-share\" referrerpolicy=\"strict-origin-when-cross-origin\" allowfullscreen><\/iframe><\/div>\n<\/div>\n<p>&nbsp;<\/p>\n<p>&nbsp;<\/p>\n<p><img loading=\"lazy\" decoding=\"async\" class=\"aligncenter wp-image-1659\" src=\"https:\/\/www.gyekenyesipontyhorgasz.hu\/wp-content\/uploads\/mtcbaits.jpg\" alt=\"\" width=\"300\" height=\"94\" srcset=\"https:\/\/www.gyekenyesipontyhorgasz.hu\/wp-content\/uploads\/mtcbaits.jpg 2732w, https:\/\/www.gyekenyesipontyhorgasz.hu\/wp-content\/uploads\/mtcbaits-300x94.jpg 300w, https:\/\/www.gyekenyesipontyhorgasz.hu\/wp-content\/uploads\/mtcbaits-1024x321.jpg 1024w\" sizes=\"auto, (max-width: 300px) 100vw, 300px\" \/><\/p>\n<p style=\"text-align: justify;\">Az MTC Baits 16 \u00e9ves m\u00faltra tekint vissza, Nyugat-Eur\u00f3pa egyik jelent\u0151s csaligy\u00e1rt\u00f3jak\u00e9nt vagyunk jelen most m\u00e1r a magyar piacon is. Szlogen\u00fcnk, miszerint &#8222;A min\u0151s\u00e9g nem egy c\u00e9l, hanem az \u00fczletpolitik\u00e1nk alapja!&#8220; h\u0171en t\u00fckr\u00f6zni, hogy a min\u0151s\u00e9g n\u00e1lunk mindenek felett van. Folyamatosan a legmagasabb elv\u00e1r\u00e1soknak is megfelel\u0151 eredeti Holland alapanyagokkal dolgozunk, \u00e9rt\u00e9kes\u00edt\u00e9si \u00e9s ell\u00e1t\u00e1si rendszer\u00fcnk garant\u00e1lja, hogy v\u00e1s\u00e1rl\u00f3ink mindig friss term\u00e9keket vehessenek k\u00e9zbe. C\u00e9lunk, hogy a magyar horg\u00e1szok is megismerj\u00e9k term\u00e9keinket, kiv\u00e1l\u00f3 min\u0151s\u00e9g\u0171 \u00e9s sz\u00e9les k\u00edn\u00e1latunk seg\u00edts\u00e9g\u00e9vel megfoghass\u00e1k \u00e1lmaik hal\u00e1t!<\/p>\n<p style=\"text-align: justify;\">Csapatunk tapasztalt horg\u00e1szokb\u00f3l \u00e1ll, akik tudj\u00e1k, hogy a kiv\u00e1l\u00f3 csali \u00f6nmag\u00e1ban nem elegend\u0151, kell a j\u00f3 helyzetfelismer\u00e9s \u00e9s a kitart\u00e1s is. Bemutatkoz\u00f3 kisfilm\u00fcnk premierje november 10-\u00e9n, 20.00-kor l\u00e1that\u00f3 majd a Fishing&amp;Hunting csatorn\u00e1n, illetve megtal\u00e1ltok benn\u00fcnket a Facebookon, illetve a\u00a0<a href=\"http:\/\/www.mtcbaits.hu\/\">www.mtcbaits.hu<\/a>-n kereszt\u00fcl is!<\/p>\n<p style=\"text-align: justify;\">A verseny egyik szponzorak\u00e9nt b\u00edzunk benne, hogy egy nagy siker\u0171 sorozat veszi kezdet\u00e9t, \u00e9s a k\u00f6vetkez\u0151 \u00e9vekben is szerencs\u00e9t pr\u00f3b\u00e1lhatunk majd a megm\u00e9rettet\u00e9sen. Minden csapatnak j\u00f3 versenyz\u00e9st k\u00edv\u00e1nunk!<\/p>\n<div class=\"gallery-imgs row\"><div class=\"gallery-item mb-4 col-sm-4 col-md-6 col-lg-4\"><a href=\"https:\/\/www.gyekenyesipontyhorgasz.hu\/wp-content\/uploads\/MTC-15.jpg\"><img decoding=\"async\" src=\"https:\/\/www.gyekenyesipontyhorgasz.hu\/wp-content\/uploads\/MTC-15-520x300.jpg\" alt=\"\" class=\"img-fluid\"><\/a><\/div><div class=\"gallery-item mb-4 col-sm-4 col-md-6 col-lg-4\"><a href=\"https:\/\/www.gyekenyesipontyhorgasz.hu\/wp-content\/uploads\/MTC-43.jpg\"><img decoding=\"async\" src=\"https:\/\/www.gyekenyesipontyhorgasz.hu\/wp-content\/uploads\/MTC-43-520x300.jpg\" alt=\"\" class=\"img-fluid\"><\/a><\/div><div class=\"gallery-item mb-4 col-sm-4 col-md-6 col-lg-4\"><a href=\"https:\/\/www.gyekenyesipontyhorgasz.hu\/wp-content\/uploads\/MTC-67.jpg\"><img decoding=\"async\" src=\"https:\/\/www.gyekenyesipontyhorgasz.hu\/wp-content\/uploads\/MTC-67-520x300.jpg\" alt=\"\" class=\"img-fluid\"><\/a><\/div><div class=\"gallery-item mb-4 col-sm-4 col-md-6 col-lg-4\"><a href=\"https:\/\/www.gyekenyesipontyhorgasz.hu\/wp-content\/uploads\/MTC-90.jpg\"><img decoding=\"async\" src=\"https:\/\/www.gyekenyesipontyhorgasz.hu\/wp-content\/uploads\/MTC-90-520x300.jpg\" alt=\"\" class=\"img-fluid\"><\/a><\/div><div class=\"gallery-item mb-4 col-sm-4 col-md-6 col-lg-4\"><a href=\"https:\/\/www.gyekenyesipontyhorgasz.hu\/wp-content\/uploads\/MTC-121.jpg\"><img decoding=\"async\" src=\"https:\/\/www.gyekenyesipontyhorgasz.hu\/wp-content\/uploads\/MTC-121-520x300.jpg\" alt=\"\" class=\"img-fluid\"><\/a><\/div><div class=\"gallery-item mb-4 col-sm-4 col-md-6 col-lg-4\"><a href=\"https:\/\/www.gyekenyesipontyhorgasz.hu\/wp-content\/uploads\/MTC-138.jpg\"><img decoding=\"async\" src=\"https:\/\/www.gyekenyesipontyhorgasz.hu\/wp-content\/uploads\/MTC-138-520x300.jpg\" alt=\"\" class=\"img-fluid\"><\/a><\/div><\/div>\n<p>&nbsp;<\/p>\n<p>&nbsp;<\/p>\n<p><img loading=\"lazy\" decoding=\"async\" class=\"aligncenter wp-image-1657\" src=\"https:\/\/www.gyekenyesipontyhorgasz.hu\/wp-content\/uploads\/Batmonkeyl-logo.jpg\" alt=\"\" width=\"200\" height=\"200\" srcset=\"https:\/\/www.gyekenyesipontyhorgasz.hu\/wp-content\/uploads\/Batmonkeyl-logo.jpg 1181w, https:\/\/www.gyekenyesipontyhorgasz.hu\/wp-content\/uploads\/Batmonkeyl-logo-300x300.jpg 300w, https:\/\/www.gyekenyesipontyhorgasz.hu\/wp-content\/uploads\/Batmonkeyl-logo-1024x1024.jpg 1024w, https:\/\/www.gyekenyesipontyhorgasz.hu\/wp-content\/uploads\/Batmonkeyl-logo-150x150.jpg 150w\" sizes=\"auto, (max-width: 200px) 100vw, 200px\" \/><\/p>\n<p>&nbsp;<\/p>\n<p style=\"text-align: justify;\">Szeretn\u00e9nk bemutatni a Batmonkey csapat\u00e1t, Mikolvics Kriszti\u00e1nt, Kov\u00e1cs J\u00e1nost, \u00e9s Torhosi Andr\u00e1s-b\u00f3l \u00e1ll. Mind a h\u00e1rman horg\u00e1szat szerelmesei vagyunk \u00e9s kergetj\u00fck sokfel\u00e9 a halakat, term\u00e9szetesen Gy\u00e9k\u00e9nyesen is. K\u00fcl\u00f6nb\u00f6z\u0151 csalikat haszn\u00e1lunk, de ez egyik\u00fcnknek se okoz probl\u00e9m\u00e1t, ink\u00e1bb el\u0151nyt jelent, m\u00e1s-m\u00e1s csalik \u00e1ltal k\u00edn\u00e1lt el\u0151ny\u00f6k miatt. Megosztan\u00e1nk veletek p\u00e1r k\u00e9pet a fogott halainkr\u00f3l \u00e9s arr\u00f3l, hogy indult a BatMonkey Power \u00fatj\u00e1ra.<\/p>\n<p style=\"text-align: justify;\">Batmonkey power! T\u00f6bb mint energia!<\/p>\n<p style=\"text-align: justify;\">Hogy mi lesz ha a horg\u00e1szat, a porckorongs\u00e9rv \u00e9s a technol\u00f3gia tal\u00e1lkozik? Megsz\u00fcletik a Batmonkey Power! A k\u00e9s\u0151bb meg\u00e1lmodott \u00fczletet egy egyszer\u0171 probl\u00e9ma ind\u00edtotta \u00fatj\u00e1nak. Adott volt egy horg\u00e1sz \u00e9s az \u0151 porckorongs\u00e9rve. Mivel mindig im\u00e1dtam a beh\u00faz\u00f3s horg\u00e1szatot, nagy bajba ker\u00fcltem, amikor kialakult porckorong s\u00e9rvem miatt nem tudtam sem evezni, sem 40 kg-os munkaakkumul\u00e1torokat a cs\u00f3nakba emelni. Ekkor az a gondolat kezdett motoszk\u00e1lni bennem, milyen j\u00f3 is lenne, ha egy k\u00f6nny\u0171 akksival tudn\u00e9k hossz\u00fa-hossz\u00fa utat megtenni a v\u00edzen. Ezt az els\u0151re elk\u00e9pzelhetetlennek t\u0171n\u0151 dolgot elkezdtem k\u00f6r\u00fcl j\u00e1rni technol\u00f3giai oldalr\u00f3l, puszt\u00e1n k\u00edv\u00e1ncsis\u00e1gb\u00f3l. Ekkor futottam bele el\u0151sz\u00f6r a LiFePo4-be mint fogalom. Mindig \u00e9rdekeltek az \u00fajdons\u00e1gok, ez\u00e9rt beszereztem az els\u0151 LiFePo4 akksim. Mondanom sem kell, m\u00e1r ez utca hosszal verte az eddig haszn\u00e1lt akkukat. Mivel minden t\u00e9ren maximalista vagyok, ez\u00e9rt itt nem \u00e1lltam meg. Azt akartam, hogy ne csak egy j\u00f3 akksim legyen. Legyen nekem a legjobb akksim. 4 \u00e9v folyamatos k\u00eds\u00e9rletez\u00e9s ut\u00e1n elj\u00f6tt a pillanat amikor azt mondhattam, ez igen. Egy olyan technika volt a kezemben, amit meg kellett mutatnom m\u00e1soknak is. Min\u0151s\u00e9gi cell\u00e1kb\u00f3l \u00f6sszerakott, maxim\u00e1lisan megb\u00edzhat\u00f3, t\u00f6bbsz\u00f6r\u00f6sen tesztelt kiv\u00e1l\u00f3 term\u00e9k, amin saj\u00e1t be\u00e1ll\u00edt\u00e1saim futottak. Ezt k\u00f6vet\u0151en egyre t\u00f6bben \u00e9s t\u00f6bben pr\u00f3b\u00e1lt\u00e1k ki az ekkor m\u00e1r Batmonkey n\u00e9vre keresztelt energiahordoz\u00f3kat. Horg\u00e1sz berkekben hamar terjedt a h\u00edre, hogy itt van egy sr\u00e1c egy kiv\u00e1l\u00f3 term\u00e9kkel, amit ki is lehet b\u00e9relni. A b\u00e9rl\u00e9sek sz\u00e1ma hamar megszaporodott. A horg\u00e1szvil\u00e1g sz\u00e1mos ismert alakja ny\u00fazta az akkumul\u00e1torokat \u00e9s mind hatalmas mosollyal az arcukon mes\u00e9lt\u00e9k, amit tapasztaltak. \u201eMintha egy \u00faj motor ker\u00fclt volna a cs\u00f3nakra\u201d &#8211; mondt\u00e1k. Ez a mondat gondolkod\u00f3ba ejtett. Mi lenne ha k\u00e9sz\u00edten\u00e9nk egy olyan, extr\u00e9m akkumul\u00e1tort \u00e9s egy motort\u2026.. na de ne rohanjunk ennyire el\u0151re. Legyen meglepet\u00e9s, mit is tartogat m\u00e9g a Batmonkey csapata.<\/p>\n<div class=\"ratio ratio-16x9\">\n<div class=\"ratio ratio-16x9\"><iframe loading=\"lazy\" title=\"Batmonkey IWCCG\" width=\"1778\" height=\"1000\" src=\"https:\/\/www.youtube.com\/embed\/oudcCpotndg?feature=oembed\" frameborder=\"0\" allow=\"accelerometer; autoplay; clipboard-write; encrypted-media; gyroscope; picture-in-picture; web-share\" referrerpolicy=\"strict-origin-when-cross-origin\" allowfullscreen><\/iframe><\/div>\n<\/div>\n<div class=\"gallery-imgs row\"><div class=\"gallery-item mb-4 col-sm-4 col-md-6 col-lg-4\"><a href=\"https:\/\/www.gyekenyesipontyhorgasz.hu\/wp-content\/uploads\/01-21.jpg\"><img decoding=\"async\" src=\"https:\/\/www.gyekenyesipontyhorgasz.hu\/wp-content\/uploads\/01-21-520x300.jpg\" alt=\"\" class=\"img-fluid\"><\/a><\/div><div class=\"gallery-item mb-4 col-sm-4 col-md-6 col-lg-4\"><a href=\"https:\/\/www.gyekenyesipontyhorgasz.hu\/wp-content\/uploads\/02-17.jpg\"><img decoding=\"async\" src=\"https:\/\/www.gyekenyesipontyhorgasz.hu\/wp-content\/uploads\/02-17-520x300.jpg\" alt=\"\" class=\"img-fluid\"><\/a><\/div><div class=\"gallery-item mb-4 col-sm-4 col-md-6 col-lg-4\"><a href=\"https:\/\/www.gyekenyesipontyhorgasz.hu\/wp-content\/uploads\/03-15.jpg\"><img decoding=\"async\" src=\"https:\/\/www.gyekenyesipontyhorgasz.hu\/wp-content\/uploads\/03-15-520x300.jpg\" alt=\"\" class=\"img-fluid\"><\/a><\/div><div class=\"gallery-item mb-4 col-sm-4 col-md-6 col-lg-4\"><a href=\"https:\/\/www.gyekenyesipontyhorgasz.hu\/wp-content\/uploads\/04-7.jpg\"><img decoding=\"async\" src=\"https:\/\/www.gyekenyesipontyhorgasz.hu\/wp-content\/uploads\/04-7-520x300.jpg\" alt=\"\" class=\"img-fluid\"><\/a><\/div><div class=\"gallery-item mb-4 col-sm-4 col-md-6 col-lg-4\"><a href=\"https:\/\/www.gyekenyesipontyhorgasz.hu\/wp-content\/uploads\/05-4.jpg\"><img decoding=\"async\" src=\"https:\/\/www.gyekenyesipontyhorgasz.hu\/wp-content\/uploads\/05-4-520x300.jpg\" alt=\"\" class=\"img-fluid\"><\/a><\/div><\/div>\n<p>&nbsp;<\/p>\n<p>&nbsp;<\/p>\n<p><img loading=\"lazy\" decoding=\"async\" class=\"aligncenter wp-image-1676\" src=\"https:\/\/www.gyekenyesipontyhorgasz.hu\/wp-content\/uploads\/Sira_ly_logo.png\" alt=\"\" width=\"350\" height=\"327\" srcset=\"https:\/\/www.gyekenyesipontyhorgasz.hu\/wp-content\/uploads\/Sira_ly_logo.png 5096w, https:\/\/www.gyekenyesipontyhorgasz.hu\/wp-content\/uploads\/Sira_ly_logo-300x280.png 300w, https:\/\/www.gyekenyesipontyhorgasz.hu\/wp-content\/uploads\/Sira_ly_logo-1024x956.png 1024w\" sizes=\"auto, (max-width: 350px) 100vw, 350px\" \/><\/p>\n<p>&nbsp;<\/p>\n<p style=\"text-align: justify;\">Mi a Sir\u00e1ly Horg\u00e1szbolt &amp; Web\u00e1ruh\u00e1zn\u00e1l minden nap azon dolgozunk, hogy a bojlis \u00e9s feeder horg\u00e1szok kedv\u00e9ben j\u00e1rjunk term\u00e9kk\u00edn\u00e1latunkkal, seg\u00edt\u0151k\u00e9sz kiszolg\u00e1l\u00e1ssal \u00e9s szuper \u00e1rakkal. M\u0171k\u00f6d\u00e9s\u00fcnket 2020 \u00e9v v\u00e9g\u00e9n kezdt\u00fck web\u00e1ruh\u00e1zk\u00e9nt de nem sokkal k\u00e9s\u0151bb, 2022-ben megnyitottuk p\u00e9csi \u00fczlet\u00fcnket is, amit az\u00f3ta is folyamatosan fejleszt\u00fcnk. A pr\u00e9mium horg\u00e1szcikkek mellett nagy hangs\u00falyt fektet\u00fcnk a kiemelked\u0151 \u00e1r-\u00e9rt\u00e9k ar\u00e1ny\u00fa term\u00e9kek felkutat\u00e1s\u00e1ra is, hiszen mi is horg\u00e1szok vagyunk, tudjuk, hogy mire van sz\u00fcks\u00e9g a v\u00edzparton.<\/p>\n<p><a href=\"https:\/\/www.siralyaruhaz.hu\/\">https:\/\/www.siralyaruhaz.hu\/<\/a><\/p>\n<p>&nbsp;<\/p>\n<p>&nbsp;<\/p>\n<p>\u00dcdv\u00f6zlettel,<\/p>\n<p>Strung M\u00e1ri\u00f3<br \/>\n+36204184590<br \/>\nSir\u00e1ly Horg\u00e1szbolt &amp; Web\u00e1ruh\u00e1z<br \/>\n<a href=\"mailto:rendeles@siralyaruhaz.hu\">rendeles@siralyaruhaz.hu<\/a><br \/>\n<a href=\"http:\/\/www.siralyaruhaz.hu\">www.siralyaruhaz.hu<\/a><\/p>\n","protected":false},"excerpt":{"rendered":"<p>II. Raptor Bar\u00e1ti Pontyhorg\u00e1sz Tal\u00e1lkoz\u00f3 Gy\u00e9k\u00e9nyes &#8211; 2024. t\u00e1mogat\u00f3k &nbsp; &nbsp; &nbsp; 1. WCCG Winter Carp Cup HORGA\u0301SZVERSENY t\u00e1mogat\u00f3k &nbsp; &nbsp; A SATUR BAITS Kft. mag\u00e1nszem\u00e9lyek tulajdon\u00e1ban l\u00e9v\u0151 horg\u00e1szati csalikat <a href=\"https:\/\/www.gyekenyesipontyhorgasz.hu\/de\/unterstuetzer-und-kooperationspartner\/\" class=\"more-link\">&#8230;<span class=\"screen-reader-text\">  Unterst\u00fctzer und Kooperationspartner<\/span><\/a><\/p>\n","protected":false},"author":1,"featured_media":2383,"parent":0,"menu_order":0,"comment_status":"closed","ping_status":"closed","template":"","meta":{"footnotes":""},"class_list":["post-2633","page","type-page","status-publish","has-post-thumbnail","hentry"],"_links":{"self":[{"href":"https:\/\/www.gyekenyesipontyhorgasz.hu\/de\/wp-json\/wp\/v2\/pages\/2633","targetHints":{"allow":["GET"]}}],"collection":[{"href":"https:\/\/www.gyekenyesipontyhorgasz.hu\/de\/wp-json\/wp\/v2\/pages"}],"about":[{"href":"https:\/\/www.gyekenyesipontyhorgasz.hu\/de\/wp-json\/wp\/v2\/types\/page"}],"author":[{"embeddable":true,"href":"https:\/\/www.gyekenyesipontyhorgasz.hu\/de\/wp-json\/wp\/v2\/users\/1"}],"replies":[{"embeddable":true,"href":"https:\/\/www.gyekenyesipontyhorgasz.hu\/de\/wp-json\/wp\/v2\/comments?post=2633"}],"version-history":[{"count":1,"href":"https:\/\/www.gyekenyesipontyhorgasz.hu\/de\/wp-json\/wp\/v2\/pages\/2633\/revisions"}],"predecessor-version":[{"id":2634,"href":"https:\/\/www.gyekenyesipontyhorgasz.hu\/de\/wp-json\/wp\/v2\/pages\/2633\/revisions\/2634"}],"wp:featuredmedia":[{"embeddable":true,"href":"https:\/\/www.gyekenyesipontyhorgasz.hu\/de\/wp-json\/wp\/v2\/media\/2383"}],"wp:attachment":[{"href":"https:\/\/www.gyekenyesipontyhorgasz.hu\/de\/wp-json\/wp\/v2\/media?parent=2633"}],"curies":[{"name":"wp","href":"https:\/\/api.w.org\/{rel}","templated":true}]}}