{"id":618,"date":"2021-09-26T15:38:03","date_gmt":"2021-09-26T15:38:03","guid":{"rendered":"https:\/\/www.gyekenyesipontyhorgasz.hu\/?page_id=618"},"modified":"2023-02-02T11:54:27","modified_gmt":"2023-02-02T11:54:27","slug":"optional-programs","status":"publish","type":"page","link":"https:\/\/www.gyekenyesipontyhorgasz.hu\/en\/optional-programs\/","title":{"rendered":"Optional programs"},"content":{"rendered":"<h3 style=\"text-align: center;\">Hazaj\u00e1r\u00f3k show<\/h3>\n<p style=\"text-align: center;\">\n<div class=\"ratio ratio-16x9\">\n<div class=\"ratio ratio-16x9\"><iframe loading=\"lazy\" title=\"Dr\u00e1vamente - L\u00e9gr\u00e1dt\u00f3l Hereszny\u00e9ig -\" width=\"1778\" height=\"1000\" src=\"https:\/\/www.youtube.com\/embed\/8xnZr8cNYOM?feature=oembed\" frameborder=\"0\" allow=\"accelerometer; autoplay; clipboard-write; encrypted-media; gyroscope; picture-in-picture; web-share\" allowfullscreen><\/iframe><\/div>\n<\/div>\n","protected":false},"excerpt":{"rendered":"<p>Hazaj\u00e1r\u00f3k show<\/p>\n","protected":false},"author":1,"featured_media":586,"parent":0,"menu_order":0,"comment_status":"closed","ping_status":"closed","template":"template-accordion.php","meta":{"footnotes":""},"class_list":["post-618","page","type-page","status-publish","has-post-thumbnail","hentry"],"_links":{"self":[{"href":"https:\/\/www.gyekenyesipontyhorgasz.hu\/en\/wp-json\/wp\/v2\/pages\/618","targetHints":{"allow":["GET"]}}],"collection":[{"href":"https:\/\/www.gyekenyesipontyhorgasz.hu\/en\/wp-json\/wp\/v2\/pages"}],"about":[{"href":"https:\/\/www.gyekenyesipontyhorgasz.hu\/en\/wp-json\/wp\/v2\/types\/page"}],"author":[{"embeddable":true,"href":"https:\/\/www.gyekenyesipontyhorgasz.hu\/en\/wp-json\/wp\/v2\/users\/1"}],"replies":[{"embeddable":true,"href":"https:\/\/www.gyekenyesipontyhorgasz.hu\/en\/wp-json\/wp\/v2\/comments?post=618"}],"version-history":[{"count":2,"href":"https:\/\/www.gyekenyesipontyhorgasz.hu\/en\/wp-json\/wp\/v2\/pages\/618\/revisions"}],"predecessor-version":[{"id":725,"href":"https:\/\/www.gyekenyesipontyhorgasz.hu\/en\/wp-json\/wp\/v2\/pages\/618\/revisions\/725"}],"wp:featuredmedia":[{"embeddable":true,"href":"https:\/\/www.gyekenyesipontyhorgasz.hu\/en\/wp-json\/wp\/v2\/media\/586"}],"wp:attachment":[{"href":"https:\/\/www.gyekenyesipontyhorgasz.hu\/en\/wp-json\/wp\/v2\/media?parent=618"}],"curies":[{"name":"wp","href":"https:\/\/api.w.org\/{rel}","templated":true}]}}