{"id":634,"date":"2021-09-26T16:02:46","date_gmt":"2021-09-26T16:02:46","guid":{"rendered":"https:\/\/www.gyekenyesipontyhorgasz.hu\/?page_id=634"},"modified":"2026-02-20T08:26:25","modified_gmt":"2026-02-20T08:26:25","slug":"contact-2","status":"publish","type":"page","link":"https:\/\/www.gyekenyesipontyhorgasz.hu\/en\/contact-2\/","title":{"rendered":"Contact"},"content":{"rendered":"<p style=\"text-align: center;\">Gy\u00e9k\u00e9nyes and Surroundings Fishing and Recreation Association<\/p>\n<p style=\"text-align: center;\">Customer Service Office:<\/p>\n<p style=\"text-align: center;\">8851 Gy\u00e9k\u00e9nyes Lakeside Sector A \/ 1A Old Mine Entrance Fish Keeper House, Reception, Ticket Sales<\/p>\n<p style=\"text-align: center;\">\n<p style=\"text-align: center;\">Reservation Management, Customer Service, Sales, Organization of Capat Meetings and Competitions:<\/p>\n<p style=\"text-align: center;\">Mobile: +36 30 717 8560<\/p>\n<p style=\"text-align: center;\">Tax Number: 18744547-2-14<\/p>\n<p style=\"text-align: center;\">Account Number: OTP Bank 11743088-21131000<\/p>\n<p style=\"text-align: center;\">\n<p style=\"text-align: center;\">Zsolt K\u00f3r\u00f3di \u2013 President<\/p>\n<p style=\"text-align: center;\">Szabolcs Jank\u00f3 \u2013 Vice President.<\/p>\n<p style=\"text-align: center;\">\n<p style=\"text-align: center;\">Email: <a href=\"mailto:gyekenyeshorgaszegyesulet@gmail.com\">gyekenyeshorgaszegyesulet@gmail.com<\/a><\/p>\n<p style=\"text-align: center;\">\n<p style=\"text-align: center;\">Customer Service, Sales<\/p>\n<p style=\"text-align: center;\">Mobile: +36 30 717 8560<\/p>\n<p style=\"text-align: center;\">Reporting catches over 15 kg and record verification 24 hours a day: Phone +36 30 389 4936; +36 30 425 6194<\/p>\n<p style=\"text-align: center;\">Adjustment of individual fishing spot or accommodation requirements Monday-Friday between 8:00-15:30: +36 30 717 8560<\/p>\n<p style=\"text-align: center;\">Marketing, press and media relations: +36 30 717 8560<\/p>\n<p style=\"text-align: center;\">Publishing success stories, experience reports: <a href=\"mailto:gyekenyesipontyhorgasz@gmail.com\">gyekenyesipontyhorgasz@gmail.com<\/a><\/p>\n<p style=\"text-align: center;\">\n<p style=\"text-align: center;\">When paying by bank transfer for reservations and ticket purchases, the transfer must be made to the following operator account:<\/p>\n<p style=\"text-align: center;\">\n<p style=\"text-align: center;\">BolPlan Kft<\/p>\n<p style=\"text-align: center;\">Address: 8852 Z\u00e1k\u00e1ny M\u00e1jus 1 u. 23.<\/p>\n<p style=\"text-align: center;\">Account number: 10400717-50526874-55491003<\/p>\n<p style=\"text-align: center;\">SWIFT\/BIC: OKHB HUHB IBAN: HU7910400717-50526874-55491003<\/p>\n<p style=\"text-align: center;\">Bank: K&amp;H Bank, Address: 8800 Nagykanizsa F\u0151 u. 2.<\/p>\n<p style=\"text-align: center;\">\n<p style=\"text-align: center;\"><a href=\"https:\/\/www.instagram.com\/nagypontyhorgaszgyekenyes\/\">You can reach our Instagram page here<\/a><\/p>\n<p style=\"text-align: center;\"><a href=\"https:\/\/youtube.com\/channel\/UClrdXlP9GWMxkisvDC541Jg\">You can reach our YouTube channel here<\/a><\/p>\n<p style=\"text-align: center;\"><a href=\"https:\/\/www.facebook.com\/gyekenyeshorgaszegyesulet\/\">You can reach our Facebook page here<\/a><\/p>\n<p style=\"text-align: center;\">\n","protected":false},"excerpt":{"rendered":"<p>Gy\u00e9k\u00e9nyes and Surroundings Fishing and Recreation Association Customer Service Office: 8851 Gy\u00e9k\u00e9nyes Lakeside Sector A \/ 1A Old Mine Entrance Fish Keeper House, Reception, Ticket Sales Reservation Management, Customer Service, <a href=\"https:\/\/www.gyekenyesipontyhorgasz.hu\/en\/contact-2\/\" class=\"more-link\">&#8230;<span class=\"screen-reader-text\">  Contact<\/span><\/a><\/p>\n","protected":false},"author":1,"featured_media":579,"parent":0,"menu_order":0,"comment_status":"closed","ping_status":"closed","template":"","meta":{"footnotes":""},"class_list":["post-634","page","type-page","status-publish","has-post-thumbnail","hentry"],"_links":{"self":[{"href":"https:\/\/www.gyekenyesipontyhorgasz.hu\/en\/wp-json\/wp\/v2\/pages\/634","targetHints":{"allow":["GET"]}}],"collection":[{"href":"https:\/\/www.gyekenyesipontyhorgasz.hu\/en\/wp-json\/wp\/v2\/pages"}],"about":[{"href":"https:\/\/www.gyekenyesipontyhorgasz.hu\/en\/wp-json\/wp\/v2\/types\/page"}],"author":[{"embeddable":true,"href":"https:\/\/www.gyekenyesipontyhorgasz.hu\/en\/wp-json\/wp\/v2\/users\/1"}],"replies":[{"embeddable":true,"href":"https:\/\/www.gyekenyesipontyhorgasz.hu\/en\/wp-json\/wp\/v2\/comments?post=634"}],"version-history":[{"count":6,"href":"https:\/\/www.gyekenyesipontyhorgasz.hu\/en\/wp-json\/wp\/v2\/pages\/634\/revisions"}],"predecessor-version":[{"id":3720,"href":"https:\/\/www.gyekenyesipontyhorgasz.hu\/en\/wp-json\/wp\/v2\/pages\/634\/revisions\/3720"}],"wp:featuredmedia":[{"embeddable":true,"href":"https:\/\/www.gyekenyesipontyhorgasz.hu\/en\/wp-json\/wp\/v2\/media\/579"}],"wp:attachment":[{"href":"https:\/\/www.gyekenyesipontyhorgasz.hu\/en\/wp-json\/wp\/v2\/media?parent=634"}],"curies":[{"name":"wp","href":"https:\/\/api.w.org\/{rel}","templated":true}]}}