{"id":636,"date":"2021-09-26T16:03:37","date_gmt":"2021-09-26T16:03:37","guid":{"rendered":"https:\/\/www.gyekenyesipontyhorgasz.hu\/?page_id=636"},"modified":"2026-01-14T10:20:33","modified_gmt":"2026-01-14T10:20:33","slug":"fishery-and-law-enforcement-guards","status":"publish","type":"page","link":"https:\/\/www.gyekenyesipontyhorgasz.hu\/en\/fishery-and-law-enforcement-guards\/","title":{"rendered":"Fishery and Law Enforcement Guards"},"content":{"rendered":"<p style=\"text-align: center;\"><strong>Zsolt K\u00f3r\u00f3di<br \/>\n<\/strong>Mobil: +36 30 604 6012<\/p>\n<p style=\"text-align: center;\"><strong>N\u00e1ndor Kerepesi<\/strong><br \/>\nMobil: +36 30\u00a0425 6194<\/p>\n<p style=\"text-align: center;\"><strong>J\u00e1nos Horv\u00e1th<\/strong><br \/>\nMobil: +36 30\u00a0848 4210<\/p>\n<p style=\"text-align: center;\"><strong>L\u00e1szl\u00f3 F\u00f6delmesi<br \/>\n<\/strong>Mobil: +36 30\u00a0582 4055<\/p>\n<p style=\"text-align: center;\"><strong>\u00a0L\u00e1szl\u00f3 K\u00e1polna<\/strong><br \/>\nMobil: +36 30 341 4212<\/p>\n<p style=\"text-align: center;\"><strong>Bence Gy\u00f6rk\u00f6s<br \/>\n<\/strong>Mobil: +36 30 389 4936<\/p>\n","protected":false},"excerpt":{"rendered":"<p>Zsolt K\u00f3r\u00f3di Mobil: +36 30 604 6012 N\u00e1ndor Kerepesi Mobil: +36 30\u00a0425 6194 J\u00e1nos Horv\u00e1th Mobil: +36 30\u00a0848 4210 L\u00e1szl\u00f3 F\u00f6delmesi Mobil: +36 30\u00a0582 4055 \u00a0L\u00e1szl\u00f3 K\u00e1polna Mobil: +36 30 <a href=\"https:\/\/www.gyekenyesipontyhorgasz.hu\/en\/fishery-and-law-enforcement-guards\/\" class=\"more-link\">&#8230;<span class=\"screen-reader-text\">  Fishery and Law Enforcement Guards<\/span><\/a><\/p>\n","protected":false},"author":1,"featured_media":589,"parent":0,"menu_order":0,"comment_status":"closed","ping_status":"closed","template":"","meta":{"footnotes":""},"class_list":["post-636","page","type-page","status-publish","has-post-thumbnail","hentry"],"_links":{"self":[{"href":"https:\/\/www.gyekenyesipontyhorgasz.hu\/en\/wp-json\/wp\/v2\/pages\/636","targetHints":{"allow":["GET"]}}],"collection":[{"href":"https:\/\/www.gyekenyesipontyhorgasz.hu\/en\/wp-json\/wp\/v2\/pages"}],"about":[{"href":"https:\/\/www.gyekenyesipontyhorgasz.hu\/en\/wp-json\/wp\/v2\/types\/page"}],"author":[{"embeddable":true,"href":"https:\/\/www.gyekenyesipontyhorgasz.hu\/en\/wp-json\/wp\/v2\/users\/1"}],"replies":[{"embeddable":true,"href":"https:\/\/www.gyekenyesipontyhorgasz.hu\/en\/wp-json\/wp\/v2\/comments?post=636"}],"version-history":[{"count":3,"href":"https:\/\/www.gyekenyesipontyhorgasz.hu\/en\/wp-json\/wp\/v2\/pages\/636\/revisions"}],"predecessor-version":[{"id":3127,"href":"https:\/\/www.gyekenyesipontyhorgasz.hu\/en\/wp-json\/wp\/v2\/pages\/636\/revisions\/3127"}],"wp:featuredmedia":[{"embeddable":true,"href":"https:\/\/www.gyekenyesipontyhorgasz.hu\/en\/wp-json\/wp\/v2\/media\/589"}],"wp:attachment":[{"href":"https:\/\/www.gyekenyesipontyhorgasz.hu\/en\/wp-json\/wp\/v2\/media?parent=636"}],"curies":[{"name":"wp","href":"https:\/\/api.w.org\/{rel}","templated":true}]}}