{"id":708,"date":"2021-09-26T15:58:35","date_gmt":"2021-09-26T15:58:35","guid":{"rendered":"https:\/\/www.gyekenyesipontyhorgasz.hu\/?page_id=708"},"modified":"2026-01-14T15:01:34","modified_gmt":"2026-01-14T15:01:34","slug":"how-to-get-there","status":"publish","type":"page","link":"https:\/\/www.gyekenyesipontyhorgasz.hu\/en\/how-to-get-there\/","title":{"rendered":"How to Get There"},"content":{"rendered":"<h5 style=\"text-align: center;\"><strong>Accessibility<\/strong><\/h5>\n<p><img loading=\"lazy\" decoding=\"async\" class=\"wp-image-176 aligncenter\" src=\"https:\/\/www.gyekenyesipontyhorgasz.hu\/wp-content\/uploads\/qr-kod.png\" alt=\"\" width=\"142\" height=\"142\" \/><\/p>\n<p style=\"text-align: center;\">GPS data: 46.24394, 16.98949<\/p>\n<p>Gy\u00e9k\u00e9nyes is close to the Croatian border. From Budapest, take the M7, 7 to Nagykanizsa, then through Mikl\u00f3sfa, Surd, Z\u00e1k\u00e1ny, 20 km to Gy\u00e9k\u00e9nyes. From Kaposv\u00e1r on road 61 after 69 km at Iharosber\u00e9ny, 12 km towards Csurg\u00f3, then 10 km towards Gy\u00e9k\u00e9nyes.<\/p>\n<p style=\"text-align: center;\">\n","protected":false},"excerpt":{"rendered":"<p>Accessibility GPS data: 46.24394, 16.98949 Gy\u00e9k\u00e9nyes is close to the Croatian border. From Budapest, take the M7, 7 to Nagykanizsa, then through Mikl\u00f3sfa, Surd, Z\u00e1k\u00e1ny, 20 km to Gy\u00e9k\u00e9nyes. From <a href=\"https:\/\/www.gyekenyesipontyhorgasz.hu\/en\/how-to-get-there\/\" class=\"more-link\">&#8230;<span class=\"screen-reader-text\">  How to Get There<\/span><\/a><\/p>\n","protected":false},"author":2,"featured_media":581,"parent":0,"menu_order":0,"comment_status":"closed","ping_status":"closed","template":"","meta":{"footnotes":""},"class_list":["post-708","page","type-page","status-publish","has-post-thumbnail","hentry"],"_links":{"self":[{"href":"https:\/\/www.gyekenyesipontyhorgasz.hu\/en\/wp-json\/wp\/v2\/pages\/708","targetHints":{"allow":["GET"]}}],"collection":[{"href":"https:\/\/www.gyekenyesipontyhorgasz.hu\/en\/wp-json\/wp\/v2\/pages"}],"about":[{"href":"https:\/\/www.gyekenyesipontyhorgasz.hu\/en\/wp-json\/wp\/v2\/types\/page"}],"author":[{"embeddable":true,"href":"https:\/\/www.gyekenyesipontyhorgasz.hu\/en\/wp-json\/wp\/v2\/users\/2"}],"replies":[{"embeddable":true,"href":"https:\/\/www.gyekenyesipontyhorgasz.hu\/en\/wp-json\/wp\/v2\/comments?post=708"}],"version-history":[{"count":4,"href":"https:\/\/www.gyekenyesipontyhorgasz.hu\/en\/wp-json\/wp\/v2\/pages\/708\/revisions"}],"predecessor-version":[{"id":3219,"href":"https:\/\/www.gyekenyesipontyhorgasz.hu\/en\/wp-json\/wp\/v2\/pages\/708\/revisions\/3219"}],"wp:featuredmedia":[{"embeddable":true,"href":"https:\/\/www.gyekenyesipontyhorgasz.hu\/en\/wp-json\/wp\/v2\/media\/581"}],"wp:attachment":[{"href":"https:\/\/www.gyekenyesipontyhorgasz.hu\/en\/wp-json\/wp\/v2\/media?parent=708"}],"curies":[{"name":"wp","href":"https:\/\/api.w.org\/{rel}","templated":true}]}}