{"id":714,"date":"2021-09-26T15:59:10","date_gmt":"2021-09-26T15:59:10","guid":{"rendered":"https:\/\/www.gyekenyesipontyhorgasz.hu\/?page_id=714"},"modified":"2026-01-14T15:58:56","modified_gmt":"2026-01-14T15:58:56","slug":"rig-types","status":"publish","type":"page","link":"https:\/\/www.gyekenyesipontyhorgasz.hu\/en\/rig-types\/","title":{"rendered":"Rig Types"},"content":{"rendered":"<h3 style=\"text-align: center;\">Fishing and Hunting show<\/h3>\n<p style=\"text-align: center;\">\n<div class=\"ratio ratio-16x9\">\n<div class=\"ratio ratio-16x9\"><iframe loading=\"lazy\" title=\"Feederm\u00e1nia - Gy\u00e9k\u00e9nyesi amurhorg\u00e1szat\" width=\"1778\" height=\"1000\" src=\"https:\/\/www.youtube.com\/embed\/m_DTm4HkR0M?feature=oembed\" frameborder=\"0\" allow=\"accelerometer; autoplay; clipboard-write; encrypted-media; gyroscope; picture-in-picture; web-share\" referrerpolicy=\"strict-origin-when-cross-origin\" allowfullscreen><\/iframe><\/div>\n<\/div>\n<p>&nbsp;<\/p>\n<h4 style=\"text-align: center;\">Keen Carp Fishing TV \u2013 Against dwarfs with a boilie 1.-2. part &#8211; Gy\u00e9k\u00e9nyes \u2013 FILM<\/h4>\n<p style=\"text-align: center;\">\n<div class=\"ratio ratio-16x9\">\n<div class=\"ratio ratio-16x9\"><iframe loading=\"lazy\" title=\"Keen Carp Fishing TV - T\u00f6rp\u00e9k ellen bojlival 1. r\u00e9sz - Gy\u00e9k\u00e9nyes - F I L M\" width=\"1778\" height=\"1000\" src=\"https:\/\/www.youtube.com\/embed\/br8fsU71esI?feature=oembed\" frameborder=\"0\" allow=\"accelerometer; autoplay; clipboard-write; encrypted-media; gyroscope; picture-in-picture; web-share\" allowfullscreen><\/iframe><\/div>\n<\/div>\n<p style=\"text-align: center;\">\n<div class=\"ratio ratio-16x9\">\n<div class=\"ratio ratio-16x9\"><iframe loading=\"lazy\" title=\"FEEDERMANIA - Gy\u00e9k\u00e9nyesi amuroz\u00e1s 1. r\u00e9sz\" width=\"1778\" height=\"1000\" src=\"https:\/\/www.youtube.com\/embed\/-kfjquaJ5mw?feature=oembed\" frameborder=\"0\" allow=\"accelerometer; autoplay; clipboard-write; encrypted-media; gyroscope; picture-in-picture; web-share\" referrerpolicy=\"strict-origin-when-cross-origin\" allowfullscreen><\/iframe><\/div>\n<\/div>\n","protected":false},"excerpt":{"rendered":"<p>Fishing and Hunting show &nbsp; Keen Carp Fishing TV \u2013 Against dwarfs with a boilie 1.-2. part &#8211; Gy\u00e9k\u00e9nyes \u2013 FILM<\/p>\n","protected":false},"author":2,"featured_media":588,"parent":0,"menu_order":0,"comment_status":"closed","ping_status":"closed","template":"","meta":{"footnotes":""},"class_list":["post-714","page","type-page","status-publish","has-post-thumbnail","hentry"],"_links":{"self":[{"href":"https:\/\/www.gyekenyesipontyhorgasz.hu\/en\/wp-json\/wp\/v2\/pages\/714","targetHints":{"allow":["GET"]}}],"collection":[{"href":"https:\/\/www.gyekenyesipontyhorgasz.hu\/en\/wp-json\/wp\/v2\/pages"}],"about":[{"href":"https:\/\/www.gyekenyesipontyhorgasz.hu\/en\/wp-json\/wp\/v2\/types\/page"}],"author":[{"embeddable":true,"href":"https:\/\/www.gyekenyesipontyhorgasz.hu\/en\/wp-json\/wp\/v2\/users\/2"}],"replies":[{"embeddable":true,"href":"https:\/\/www.gyekenyesipontyhorgasz.hu\/en\/wp-json\/wp\/v2\/comments?post=714"}],"version-history":[{"count":4,"href":"https:\/\/www.gyekenyesipontyhorgasz.hu\/en\/wp-json\/wp\/v2\/pages\/714\/revisions"}],"predecessor-version":[{"id":3232,"href":"https:\/\/www.gyekenyesipontyhorgasz.hu\/en\/wp-json\/wp\/v2\/pages\/714\/revisions\/3232"}],"wp:featuredmedia":[{"embeddable":true,"href":"https:\/\/www.gyekenyesipontyhorgasz.hu\/en\/wp-json\/wp\/v2\/media\/588"}],"wp:attachment":[{"href":"https:\/\/www.gyekenyesipontyhorgasz.hu\/en\/wp-json\/wp\/v2\/media?parent=714"}],"curies":[{"name":"wp","href":"https:\/\/api.w.org\/{rel}","templated":true}]}}