{"id":3131,"date":"2021-09-26T16:02:46","date_gmt":"2021-09-26T16:02:46","guid":{"rendered":"https:\/\/www.gyekenyesipontyhorgasz.hu\/?page_id=3131"},"modified":"2026-02-20T08:25:34","modified_gmt":"2026-02-20T08:25:34","slug":"kontakt","status":"publish","type":"page","link":"https:\/\/www.gyekenyesipontyhorgasz.hu\/pl\/kontakt\/","title":{"rendered":"Kontakt"},"content":{"rendered":"<p style=\"text-align: center;\">Stowarzyszenie W\u0119dkarstwa i Rekreacji Gy\u00e9k\u00e9nyes i Okolic<\/p>\n<p style=\"text-align: center;\">Biuro Obs\u0142ugi Klienta:<\/p>\n<p style=\"text-align: center;\">8851 Gy\u00e9k\u00e9nyes Lakeside Sektor A \/ 1A Wej\u015bcie do Starej Kopalni, Dom Rybaka, Recepcja, Sprzeda\u017c Bilet\u00f3w<\/p>\n<p style=\"text-align: center;\">Zarz\u0105dzanie Rezerwacjami, Obs\u0142uga Klienta, Sprzeda\u017c, Organizacja Zjazd\u00f3w i Zawod\u00f3w Capat:<\/p>\n<p style=\"text-align: center;\">Telefon kom\u00f3rkowy: +36 30 717 8560<\/p>\n<p style=\"text-align: center;\">Numer identyfikacji podatkowej: 18744547-2-14<\/p>\n<p style=\"text-align: center;\">Numer konta: OTP Bank 11743088-21131000<\/p>\n<p style=\"text-align: center;\">\n<p style=\"text-align: center;\">Zsolt K\u00f3r\u00f3di \u2013 Prezes<\/p>\n<p style=\"text-align: center;\">Szabolcs Jank\u00f3 \u2013 Wiceprezes.<\/p>\n<p style=\"text-align: center;\">\n<p style=\"text-align: center;\">E-mail: <a href=\"mailto:gyekenyeshorgaszegyesulet@gmail.com\">gyekenyeshorgaszegyesulet@gmail.com<\/a><\/p>\n<p style=\"text-align: center;\">\n<p style=\"text-align: center;\">Obs\u0142uga klienta, Sprzeda\u017c<\/p>\n<p style=\"text-align: center;\">Telefon kom\u00f3rkowy: +36 30 717 8560<\/p>\n<p style=\"text-align: center;\">\n<p style=\"text-align: center;\">Zg\u0142aszanie po\u0142ow\u00f3w powy\u017cej 15 kg i weryfikacja danych 24 godziny na dob\u0119: Telefon +36 30 389 4936; +36 30 425 6194<\/p>\n<p style=\"text-align: center;\">Dostosowanie indywidualnych miejsc w\u0119dkarskich lub wymaga\u0144 dotycz\u0105cych zakwaterowania od poniedzia\u0142ku do pi\u0105tku w godzinach 8:00-15:30: +36 30 717 8560<\/p>\n<p style=\"text-align: center;\">Marketing, kontakt z pras\u0105 i mediami: +36 30 717 8560<\/p>\n<p style=\"text-align: center;\">Publikacje historii sukcesu, raporty z do\u015bwiadcze\u0144: <a href=\"mailto:gyekenyesipontyhorgasz@gmail.com\">gyekenyesipontyhorgasz@gmail.com<\/a><\/p>\n<p style=\"text-align: center;\">\n<p style=\"text-align: center;\">W przypadku p\u0142atno\u015bci przelewem bankowym za rezerwacje i zakup bilet\u00f3w, przelew nale\u017cy wykona\u0107 na nast\u0119puj\u0105ce konto operatora:<\/p>\n<p style=\"text-align: center;\">\n<p style=\"text-align: center;\">BolPlan Kft<\/p>\n<p style=\"text-align: center;\">Adres: 8852 Z\u00e1k\u00e1ny M\u00e1jus 1 u. 23.<\/p>\n<p style=\"text-align: center;\">Numer konta: 10400717-50526874-55491003<\/p>\n<p style=\"text-align: center;\">SWIFT\/BIC: OKHB HUHB IBAN: HU7910400717-50526874-55491003<\/p>\n<p style=\"text-align: center;\">Bank: K&amp;H Bank, Adres: 8800 Nagykanizsa F\u0151 u. 2.<\/p>\n","protected":false},"excerpt":{"rendered":"<p>Stowarzyszenie W\u0119dkarstwa i Rekreacji Gy\u00e9k\u00e9nyes i Okolic Biuro Obs\u0142ugi Klienta: 8851 Gy\u00e9k\u00e9nyes Lakeside Sektor A \/ 1A Wej\u015bcie do Starej Kopalni, Dom Rybaka, Recepcja, Sprzeda\u017c Bilet\u00f3w Zarz\u0105dzanie Rezerwacjami, Obs\u0142uga Klienta, <a href=\"https:\/\/www.gyekenyesipontyhorgasz.hu\/pl\/kontakt\/\" class=\"more-link\">&#8230;<span class=\"screen-reader-text\">  Kontakt<\/span><\/a><\/p>\n","protected":false},"author":1,"featured_media":3132,"parent":0,"menu_order":0,"comment_status":"closed","ping_status":"closed","template":"","meta":{"footnotes":""},"class_list":["post-3131","page","type-page","status-publish","has-post-thumbnail","hentry"],"_links":{"self":[{"href":"https:\/\/www.gyekenyesipontyhorgasz.hu\/pl\/wp-json\/wp\/v2\/pages\/3131","targetHints":{"allow":["GET"]}}],"collection":[{"href":"https:\/\/www.gyekenyesipontyhorgasz.hu\/pl\/wp-json\/wp\/v2\/pages"}],"about":[{"href":"https:\/\/www.gyekenyesipontyhorgasz.hu\/pl\/wp-json\/wp\/v2\/types\/page"}],"author":[{"embeddable":true,"href":"https:\/\/www.gyekenyesipontyhorgasz.hu\/pl\/wp-json\/wp\/v2\/users\/1"}],"replies":[{"embeddable":true,"href":"https:\/\/www.gyekenyesipontyhorgasz.hu\/pl\/wp-json\/wp\/v2\/comments?post=3131"}],"version-history":[{"count":2,"href":"https:\/\/www.gyekenyesipontyhorgasz.hu\/pl\/wp-json\/wp\/v2\/pages\/3131\/revisions"}],"predecessor-version":[{"id":3719,"href":"https:\/\/www.gyekenyesipontyhorgasz.hu\/pl\/wp-json\/wp\/v2\/pages\/3131\/revisions\/3719"}],"wp:featuredmedia":[{"embeddable":true,"href":"https:\/\/www.gyekenyesipontyhorgasz.hu\/pl\/wp-json\/wp\/v2\/media\/3132"}],"wp:attachment":[{"href":"https:\/\/www.gyekenyesipontyhorgasz.hu\/pl\/wp-json\/wp\/v2\/media?parent=3131"}],"curies":[{"name":"wp","href":"https:\/\/api.w.org\/{rel}","templated":true}]}}