{"id":3185,"date":"2021-09-26T16:02:38","date_gmt":"2021-09-26T16:02:38","guid":{"rendered":"https:\/\/www.gyekenyesipontyhorgasz.hu\/?page_id=3185"},"modified":"2026-01-14T14:38:51","modified_gmt":"2026-01-14T14:38:51","slug":"obowiazujace-uchwaly-stowarzyszenia","status":"publish","type":"page","link":"https:\/\/www.gyekenyesipontyhorgasz.hu\/pl\/obowiazujace-uchwaly-stowarzyszenia\/","title":{"rendered":"Obowi\u0105zuj\u0105ce uchwa\u0142y stowarzyszenia"},"content":{"rendered":"","protected":true},"excerpt":{"rendered":"","protected":true},"author":1,"featured_media":3186,"parent":0,"menu_order":0,"comment_status":"closed","ping_status":"closed","template":"","meta":{"footnotes":""},"class_list":["post-3185","page","type-page","status-publish","post-password-required","hentry"],"_links":{"self":[{"href":"https:\/\/www.gyekenyesipontyhorgasz.hu\/pl\/wp-json\/wp\/v2\/pages\/3185","targetHints":{"allow":["GET"]}}],"collection":[{"href":"https:\/\/www.gyekenyesipontyhorgasz.hu\/pl\/wp-json\/wp\/v2\/pages"}],"about":[{"href":"https:\/\/www.gyekenyesipontyhorgasz.hu\/pl\/wp-json\/wp\/v2\/types\/page"}],"author":[{"embeddable":true,"href":"https:\/\/www.gyekenyesipontyhorgasz.hu\/pl\/wp-json\/wp\/v2\/users\/1"}],"replies":[{"embeddable":true,"href":"https:\/\/www.gyekenyesipontyhorgasz.hu\/pl\/wp-json\/wp\/v2\/comments?post=3185"}],"version-history":[{"count":1,"href":"https:\/\/www.gyekenyesipontyhorgasz.hu\/pl\/wp-json\/wp\/v2\/pages\/3185\/revisions"}],"predecessor-version":[{"id":3187,"href":"https:\/\/www.gyekenyesipontyhorgasz.hu\/pl\/wp-json\/wp\/v2\/pages\/3185\/revisions\/3187"}],"wp:featuredmedia":[{"embeddable":true,"href":"https:\/\/www.gyekenyesipontyhorgasz.hu\/pl\/wp-json\/wp\/v2\/media\/3186"}],"wp:attachment":[{"href":"https:\/\/www.gyekenyesipontyhorgasz.hu\/pl\/wp-json\/wp\/v2\/media?parent=3185"}],"curies":[{"name":"wp","href":"https:\/\/api.w.org\/{rel}","templated":true}]}}