{"id":3360,"date":"2026-01-05T15:45:54","date_gmt":"2026-01-05T15:45:54","guid":{"rendered":"https:\/\/www.gyekenyesipontyhorgasz.hu\/?page_id=3360"},"modified":"2026-02-24T05:27:24","modified_gmt":"2026-02-24T05:27:24","slug":"film","status":"publish","type":"page","link":"https:\/\/www.gyekenyesipontyhorgasz.hu\/pl\/film\/","title":{"rendered":"Film"},"content":{"rendered":"<div class=\"ratio ratio-16x9\">\n<div class=\"ratio ratio-16x9\"><iframe loading=\"lazy\" title=\"V\u00cdZSZINTBEN - Extr\u00e9m pontyhorg\u00e1szat lak\u00f3haj\u00f3b\u00f3l - GY\u00c9K\u00c9NYES!\ud83c\udfa3\u2693\ufe0f\" width=\"1778\" height=\"1000\" src=\"https:\/\/www.youtube.com\/embed\/7xbf7-nSZ2k?start=63&#038;feature=oembed\" frameborder=\"0\" allow=\"accelerometer; autoplay; clipboard-write; encrypted-media; gyroscope; picture-in-picture; web-share\" referrerpolicy=\"strict-origin-when-cross-origin\" allowfullscreen><\/iframe><\/div>\n<\/div>\n<p>&nbsp;<\/p>\n<div class=\"ratio ratio-16x9\">\n<div class=\"ratio ratio-16x9\"><iframe loading=\"lazy\" title=\"MAJDNEM T\u00d6K\u00c9LETES - \u0150szi nagypontyhorg\u00e1szat GY\u00c9K\u00c9NYESEN!\ud83c\udfa3\" width=\"1778\" height=\"1000\" src=\"https:\/\/www.youtube.com\/embed\/3nHlz9zPA3w?start=1&#038;feature=oembed\" frameborder=\"0\" allow=\"accelerometer; autoplay; clipboard-write; encrypted-media; gyroscope; picture-in-picture; web-share\" referrerpolicy=\"strict-origin-when-cross-origin\" allowfullscreen><\/iframe><\/div>\n<\/div>\n<p>&nbsp;<\/p>\n<div class=\"ratio ratio-16x9\">\n<div class=\"ratio ratio-16x9\"><iframe loading=\"lazy\" title=\"Dupla 20+ Gy\u00e9k\u00e9nyes (Mono Carp Team)\" width=\"1778\" height=\"1000\" src=\"https:\/\/www.youtube.com\/embed\/HtRFY1xIXiQ?feature=oembed\" frameborder=\"0\" allow=\"accelerometer; autoplay; clipboard-write; encrypted-media; gyroscope; picture-in-picture; web-share\" referrerpolicy=\"strict-origin-when-cross-origin\" allowfullscreen><\/iframe><\/div>\n<\/div>\n<p>&nbsp;<\/p>\n<div class=\"ratio ratio-16x9\">\n<div class=\"ratio ratio-16x9\"><iframe loading=\"lazy\" title=\"\u00daJ KIH\u00cdV\u00c1S - 10 \u00e9v ut\u00e1n VISSZAT\u00c9R\u00c9S Gy\u00e9k\u00e9nyesre\" width=\"1778\" height=\"1000\" src=\"https:\/\/www.youtube.com\/embed\/2XKaomHVaOk?feature=oembed\" frameborder=\"0\" allow=\"accelerometer; autoplay; clipboard-write; encrypted-media; gyroscope; picture-in-picture; web-share\" referrerpolicy=\"strict-origin-when-cross-origin\" allowfullscreen><\/iframe><\/div>\n<\/div>\n<p>&nbsp;<\/p>\n<div class=\"ratio ratio-16x9\">\n<div class=\"ratio ratio-16x9\"><iframe loading=\"lazy\" title=\"Csendes \u00c1raml\u00e1s - A Gy\u00e9k\u00e9nyesi \u00d3ri\u00e1sok Nyom\u00e1ban Kozma Tam\u00e1ssal\" width=\"1778\" height=\"1000\" src=\"https:\/\/www.youtube.com\/embed\/QXqCqY1aEjw?feature=oembed\" frameborder=\"0\" allow=\"accelerometer; autoplay; clipboard-write; encrypted-media; gyroscope; picture-in-picture; web-share\" referrerpolicy=\"strict-origin-when-cross-origin\" allowfullscreen><\/iframe><\/div>\n<\/div>\n<div class=\"ratio ratio-16x9\">\n<div class=\"ratio ratio-16x9\"><iframe loading=\"lazy\" title=\"Tropick\u00e1 Gy\u00e9k\u00e9nyes | Po\u0159\u00e1dn\u00e1 n\u00e1lo\u017e kapra\u0159iny | Nezapomenuteln\u00e9 souboje | Karel Nikl\" width=\"1778\" height=\"1000\" src=\"https:\/\/www.youtube.com\/embed\/VdPo0GUg6R8?feature=oembed\" frameborder=\"0\" allow=\"accelerometer; autoplay; clipboard-write; encrypted-media; gyroscope; picture-in-picture; web-share\" referrerpolicy=\"strict-origin-when-cross-origin\" allowfullscreen><\/iframe><\/div>\n<\/div>\n<p>&nbsp;<\/p>\n<div class=\"ratio ratio-16x9\">\n<div class=\"ratio ratio-16x9\"><iframe loading=\"lazy\" title=\"Gy\u00e9k\u00e9nyesi nagy pontyok horg\u00e1szata\" width=\"1778\" height=\"1000\" src=\"https:\/\/www.youtube.com\/embed\/WpCL_EdUsTU?feature=oembed\" frameborder=\"0\" allow=\"accelerometer; autoplay; clipboard-write; encrypted-media; gyroscope; picture-in-picture; web-share\" referrerpolicy=\"strict-origin-when-cross-origin\" allowfullscreen><\/iframe><\/div>\n<\/div>\n<p>&nbsp;<\/p>\n<div class=\"ratio ratio-16x9\">\n<div class=\"ratio ratio-16x9\"><iframe loading=\"lazy\" title=\"Nagy Ponty Horg\u00e1sz GY\u00c9K\u00c9NYES #18 Carp Fishing 2024\" width=\"1778\" height=\"1000\" src=\"https:\/\/www.youtube.com\/embed\/CgyXIOYnb5c?feature=oembed\" frameborder=\"0\" allow=\"accelerometer; autoplay; clipboard-write; encrypted-media; gyroscope; picture-in-picture; web-share\" referrerpolicy=\"strict-origin-when-cross-origin\" allowfullscreen><\/iframe><\/div>\n<\/div>\n<p>&nbsp;<\/p>\n<div class=\"ratio ratio-16x9\">\n<div class=\"ratio ratio-16x9\"><iframe loading=\"lazy\" title=\"Rekordfog\u00e1s A Korda Hungary Csapat\u00e1val\" width=\"1778\" height=\"1000\" src=\"https:\/\/www.youtube.com\/embed\/_O2oVqk4ReU?feature=oembed\" frameborder=\"0\" allow=\"accelerometer; autoplay; clipboard-write; encrypted-media; gyroscope; picture-in-picture; web-share\" referrerpolicy=\"strict-origin-when-cross-origin\" allowfullscreen><\/iframe><\/div>\n<\/div>\n<p>&nbsp;<\/p>\n<div class=\"ratio ratio-16x9\">\n<div class=\"ratio ratio-16x9\"><iframe loading=\"lazy\" title=\"GY\u00c9K\u00c9NYES Winter Edition (with english subtitle)\" width=\"1778\" height=\"1000\" src=\"https:\/\/www.youtube.com\/embed\/Ct9TRO7lfgU?feature=oembed\" frameborder=\"0\" allow=\"accelerometer; autoplay; clipboard-write; encrypted-media; gyroscope; picture-in-picture; web-share\" referrerpolicy=\"strict-origin-when-cross-origin\" allowfullscreen><\/iframe><\/div>\n<\/div>\n<p>&nbsp;<\/p>\n<div class=\"ratio ratio-16x9\">\n<div class=\"ratio ratio-16x9\"><iframe loading=\"lazy\" title=\"25,5 KG-OS GY\u00c9K\u00c9NYESI SZ\u00d6RNYETEG\ud83e\udddf\u200d\u2642\ufe0f - Egy sikeres bojlis t\u00fara l\u00e9p\u00e9sr\u0151l l\u00e9p\u00e9sre\ud83c\udfa3 (S2E10)\" width=\"1778\" height=\"1000\" src=\"https:\/\/www.youtube.com\/embed\/d_i_WEo6LD8?feature=oembed\" frameborder=\"0\" allow=\"accelerometer; autoplay; clipboard-write; encrypted-media; gyroscope; picture-in-picture; web-share\" referrerpolicy=\"strict-origin-when-cross-origin\" allowfullscreen><\/iframe><\/div>\n<\/div>\n<p>&nbsp;<\/p>\n<div class=\"ratio ratio-16x9\">\n<div class=\"ratio ratio-16x9\"><iframe loading=\"lazy\" title=\"I.Winter Carp Cup - Gy\u00e9k\u00e9nyes - MIKBAITS WINNER\" width=\"1778\" height=\"1000\" src=\"https:\/\/www.youtube.com\/embed\/dpYl7_WIqHw?feature=oembed\" frameborder=\"0\" allow=\"accelerometer; autoplay; clipboard-write; encrypted-media; gyroscope; picture-in-picture; web-share\" referrerpolicy=\"strict-origin-when-cross-origin\" allowfullscreen><\/iframe><\/div>\n<\/div>\n<p>&nbsp;<\/p>\n<div class=\"ratio ratio-16x9\">\n<div class=\"ratio ratio-16x9\"><iframe loading=\"lazy\" title=\"Gy\u00e9k\u00e9nyes - the new era\" width=\"1778\" height=\"1000\" src=\"https:\/\/www.youtube.com\/embed\/09HR5IvA9Co?feature=oembed\" frameborder=\"0\" allow=\"accelerometer; autoplay; clipboard-write; encrypted-media; gyroscope; picture-in-picture; web-share\" referrerpolicy=\"strict-origin-when-cross-origin\" allowfullscreen><\/iframe><\/div>\n<\/div>\n<p>&nbsp;<\/p>\n<div class=\"ratio ratio-16x9\">\n<div class=\"ratio ratio-16x9\"><iframe loading=\"lazy\" title=\"T\u00c9LI PONTYOK NYOM\u00c1BAN | GY\u00c9K\u00c9NYES | Szabadsz\u00e1l\u00e1si Richard | Filakovszky Gyula\" width=\"1778\" height=\"1000\" src=\"https:\/\/www.youtube.com\/embed\/8BXGj-65J1c?feature=oembed\" frameborder=\"0\" allow=\"accelerometer; autoplay; clipboard-write; encrypted-media; gyroscope; picture-in-picture; web-share\" referrerpolicy=\"strict-origin-when-cross-origin\" allowfullscreen><\/iframe><\/div>\n<\/div>\n<p>&nbsp;<\/p>\n<div class=\"ratio ratio-16x9\">\n<div class=\"ratio ratio-16x9\"><iframe loading=\"lazy\" title=\"A GY\u00c9K\u00c9NYESI PONTYOK NYOM\u00c1BAN...HOGYAN \u00c9S MIVEL?\" width=\"1778\" height=\"1000\" src=\"https:\/\/www.youtube.com\/embed\/fAHB2cmHm6Y?feature=oembed\" frameborder=\"0\" allow=\"accelerometer; autoplay; clipboard-write; encrypted-media; gyroscope; picture-in-picture; web-share\" referrerpolicy=\"strict-origin-when-cross-origin\" allowfullscreen><\/iframe><\/div>\n<\/div>\n<div class=\"ratio ratio-16x9\">\n<div class=\"ratio ratio-16x9\"><iframe loading=\"lazy\" title=\"Carp Navigator - &quot;The Small Island&quot; avagy &quot;A Kis Sziget Nagy Pontyai&quot;&quot;  Gy\u00e9k\u00e9nyes\" width=\"1778\" height=\"1000\" src=\"https:\/\/www.youtube.com\/embed\/TT2Aichbq4Y?feature=oembed\" frameborder=\"0\" allow=\"accelerometer; autoplay; clipboard-write; encrypted-media; gyroscope; picture-in-picture; web-share\" referrerpolicy=\"strict-origin-when-cross-origin\" allowfullscreen><\/iframe><\/div>\n<\/div>\n<p>&nbsp;<\/p>\n","protected":false},"excerpt":{"rendered":"<p>&nbsp; &nbsp; &nbsp; &nbsp; &nbsp; &nbsp; &nbsp; &nbsp; &nbsp; &nbsp; &nbsp; &nbsp; &nbsp; &nbsp;<\/p>\n","protected":false},"author":1,"featured_media":3359,"parent":0,"menu_order":0,"comment_status":"closed","ping_status":"closed","template":"","meta":{"footnotes":""},"class_list":["post-3360","page","type-page","status-publish","has-post-thumbnail","hentry"],"_links":{"self":[{"href":"https:\/\/www.gyekenyesipontyhorgasz.hu\/pl\/wp-json\/wp\/v2\/pages\/3360","targetHints":{"allow":["GET"]}}],"collection":[{"href":"https:\/\/www.gyekenyesipontyhorgasz.hu\/pl\/wp-json\/wp\/v2\/pages"}],"about":[{"href":"https:\/\/www.gyekenyesipontyhorgasz.hu\/pl\/wp-json\/wp\/v2\/types\/page"}],"author":[{"embeddable":true,"href":"https:\/\/www.gyekenyesipontyhorgasz.hu\/pl\/wp-json\/wp\/v2\/users\/1"}],"replies":[{"embeddable":true,"href":"https:\/\/www.gyekenyesipontyhorgasz.hu\/pl\/wp-json\/wp\/v2\/comments?post=3360"}],"version-history":[{"count":2,"href":"https:\/\/www.gyekenyesipontyhorgasz.hu\/pl\/wp-json\/wp\/v2\/pages\/3360\/revisions"}],"predecessor-version":[{"id":3823,"href":"https:\/\/www.gyekenyesipontyhorgasz.hu\/pl\/wp-json\/wp\/v2\/pages\/3360\/revisions\/3823"}],"wp:featuredmedia":[{"embeddable":true,"href":"https:\/\/www.gyekenyesipontyhorgasz.hu\/pl\/wp-json\/wp\/v2\/media\/3359"}],"wp:attachment":[{"href":"https:\/\/www.gyekenyesipontyhorgasz.hu\/pl\/wp-json\/wp\/v2\/media?parent=3360"}],"curies":[{"name":"wp","href":"https:\/\/api.w.org\/{rel}","templated":true}]}}