{"id":3536,"date":"2022-10-26T10:27:41","date_gmt":"2022-10-26T10:27:41","guid":{"rendered":"https:\/\/www.gyekenyesipontyhorgasz.hu\/?page_id=3536"},"modified":"2026-01-16T09:13:45","modified_gmt":"2026-01-16T09:13:45","slug":"partnerzy-i-sponsorzy","status":"publish","type":"page","link":"https:\/\/www.gyekenyesipontyhorgasz.hu\/pl\/partnerzy-i-sponsorzy\/","title":{"rendered":"Partnerzy i sponsorzy"},"content":{"rendered":"<p style=\"text-align: center;\"><img loading=\"lazy\" decoding=\"async\" class=\"alignnone size-thumbnail wp-image-2853 aligncenter\" src=\"https:\/\/www.gyekenyesipontyhorgasz.hu\/wp-content\/uploads\/\/logo4-150x150.png\" alt=\"\" width=\"150\" height=\"150\" srcset=\"https:\/\/www.gyekenyesipontyhorgasz.hu\/wp-content\/uploads\/logo4-150x150.png 150w, https:\/\/www.gyekenyesipontyhorgasz.hu\/wp-content\/uploads\/logo4-300x300.png 300w, https:\/\/www.gyekenyesipontyhorgasz.hu\/wp-content\/uploads\/logo4.png 700w\" sizes=\"auto, (max-width: 150px) 100vw, 150px\" \/><strong>Carpnavigator<\/strong><br \/>\n<a href=\"https:\/\/carpnavigator.hu\">https:\/\/carpnavigator.hu<\/a><\/p>\n<p>&nbsp;<\/p>\n<p style=\"text-align: center;\"><img loading=\"lazy\" decoding=\"async\" class=\"alignnone wp-image-2857 \" src=\"https:\/\/www.gyekenyesipontyhorgasz.hu\/wp-content\/uploads\/\/keenc-300x170.jpg\" alt=\"\" width=\"189\" height=\"107\" srcset=\"https:\/\/www.gyekenyesipontyhorgasz.hu\/wp-content\/uploads\/keenc-300x170.jpg 300w, https:\/\/www.gyekenyesipontyhorgasz.hu\/wp-content\/uploads\/keenc.jpg 454w\" sizes=\"auto, (max-width: 189px) 100vw, 189px\" \/><br \/>\n<strong>Keen Carp<\/strong><br \/>\n<a href=\"https:\/\/www.facebook.com\/share\/1BVbXeSaS3\/?mibextid=wwXIfr\">https:\/\/www.facebook.com\/share\/1BVbXeSaS3\/?mibextid=wwXIfr<\/a><\/p>\n<p>&nbsp;<\/p>\n<p style=\"text-align: center;\"><strong>Halazin<\/strong><br \/>\n<a href=\"https:\/\/halazin.hu\/\">https:\/\/halazin.hu\/<\/a><\/p>\n<p>&nbsp;<\/p>\n<p style=\"text-align: center;\"><img loading=\"lazy\" decoding=\"async\" class=\"alignnone size-full wp-image-2845\" src=\"https:\/\/www.gyekenyesipontyhorgasz.hu\/wp-content\/uploads\/pontyshow.png\" alt=\"\" width=\"84\" height=\"84\" \/><br \/>\n<strong>PontyShow<\/strong><br \/>\n<a href=\"https:\/\/pontyshow.hu\/\">https:\/\/pontyshow.hu\/<\/a><\/p>\n<p><img loading=\"lazy\" decoding=\"async\" class=\"aligncenter wp-image-1657\" src=\"https:\/\/www.gyekenyesipontyhorgasz.hu\/wp-content\/uploads\/Batmonkeyl-logo.jpg\" alt=\"\" width=\"200\" height=\"200\" srcset=\"https:\/\/www.gyekenyesipontyhorgasz.hu\/wp-content\/uploads\/Batmonkeyl-logo.jpg 1181w, https:\/\/www.gyekenyesipontyhorgasz.hu\/wp-content\/uploads\/Batmonkeyl-logo-300x300.jpg 300w, https:\/\/www.gyekenyesipontyhorgasz.hu\/wp-content\/uploads\/Batmonkeyl-logo-1024x1024.jpg 1024w, https:\/\/www.gyekenyesipontyhorgasz.hu\/wp-content\/uploads\/Batmonkeyl-logo-150x150.jpg 150w\" sizes=\"auto, (max-width: 200px) 100vw, 200px\" \/><\/p>\n<p style=\"text-align: justify;\">Szeretn\u00e9nk bemutatni a Batmonkey csapat\u00e1t, Mikolvics Kriszti\u00e1nt, Kov\u00e1cs J\u00e1nost, \u00e9s Torhosi Andr\u00e1s-b\u00f3l \u00e1ll. Mind a h\u00e1rman horg\u00e1szat szerelmesei vagyunk \u00e9s kergetj\u00fck sokfel\u00e9 a halakat, term\u00e9szetesen Gy\u00e9k\u00e9nyesen is. K\u00fcl\u00f6nb\u00f6z\u0151 csalikat haszn\u00e1lunk, de ez egyik\u00fcnknek se okoz probl\u00e9m\u00e1t, ink\u00e1bb el\u0151nyt jelent, m\u00e1s-m\u00e1s csalik \u00e1ltal k\u00edn\u00e1lt el\u0151ny\u00f6k miatt. Megosztan\u00e1nk veletek p\u00e1r k\u00e9pet a fogott halainkr\u00f3l \u00e9s arr\u00f3l, hogy indult a BatMonkey Power \u00fatj\u00e1ra.<\/p>\n<p style=\"text-align: justify;\">Batmonkey power! T\u00f6bb mint energia!<\/p>\n<p style=\"text-align: justify;\">Hogy mi lesz ha a horg\u00e1szat, a porckorongs\u00e9rv \u00e9s a technol\u00f3gia tal\u00e1lkozik? Megsz\u00fcletik a Batmonkey Power! A k\u00e9s\u0151bb meg\u00e1lmodott \u00fczletet egy egyszer\u0171 probl\u00e9ma ind\u00edtotta \u00fatj\u00e1nak. Adott volt egy horg\u00e1sz \u00e9s az \u0151 porckorongs\u00e9rve. Mivel mindig im\u00e1dtam a beh\u00faz\u00f3s horg\u00e1szatot, nagy bajba ker\u00fcltem, amikor kialakult porckorong s\u00e9rvem miatt nem tudtam sem evezni, sem 40 kg-os munkaakkumul\u00e1torokat a cs\u00f3nakba emelni. Ekkor az a gondolat kezdett motoszk\u00e1lni bennem, milyen j\u00f3 is lenne, ha egy k\u00f6nny\u0171 akksival tudn\u00e9k hossz\u00fa-hossz\u00fa utat megtenni a v\u00edzen. Ezt az els\u0151re elk\u00e9pzelhetetlennek t\u0171n\u0151 dolgot elkezdtem k\u00f6r\u00fcl j\u00e1rni technol\u00f3giai oldalr\u00f3l, puszt\u00e1n k\u00edv\u00e1ncsis\u00e1gb\u00f3l. Ekkor futottam bele el\u0151sz\u00f6r a LiFePo4-be mint fogalom. Mindig \u00e9rdekeltek az \u00fajdons\u00e1gok, ez\u00e9rt beszereztem az els\u0151 LiFePo4 akksim. Mondanom sem kell, m\u00e1r ez utca hosszal verte az eddig haszn\u00e1lt akkukat. Mivel minden t\u00e9ren maximalista vagyok, ez\u00e9rt itt nem \u00e1lltam meg. Azt akartam, hogy ne csak egy j\u00f3 akksim legyen. Legyen nekem a legjobb akksim. 4 \u00e9v folyamatos k\u00eds\u00e9rletez\u00e9s ut\u00e1n elj\u00f6tt a pillanat amikor azt mondhattam, ez igen. Egy olyan technika volt a kezemben, amit meg kellett mutatnom m\u00e1soknak is. Min\u0151s\u00e9gi cell\u00e1kb\u00f3l \u00f6sszerakott, maxim\u00e1lisan megb\u00edzhat\u00f3, t\u00f6bbsz\u00f6r\u00f6sen tesztelt kiv\u00e1l\u00f3 term\u00e9k, amin saj\u00e1t be\u00e1ll\u00edt\u00e1saim futottak. Ezt k\u00f6vet\u0151en egyre t\u00f6bben \u00e9s t\u00f6bben pr\u00f3b\u00e1lt\u00e1k ki az ekkor m\u00e1r Batmonkey n\u00e9vre keresztelt energiahordoz\u00f3kat. Horg\u00e1sz berkekben hamar terjedt a h\u00edre, hogy itt van egy sr\u00e1c egy kiv\u00e1l\u00f3 term\u00e9kkel, amit ki is lehet b\u00e9relni. A b\u00e9rl\u00e9sek sz\u00e1ma hamar megszaporodott. A horg\u00e1szvil\u00e1g sz\u00e1mos ismert alakja ny\u00fazta az akkumul\u00e1torokat \u00e9s mind hatalmas mosollyal az arcukon mes\u00e9lt\u00e9k, amit tapasztaltak. \u201eMintha egy \u00faj motor ker\u00fclt volna a cs\u00f3nakra\u201d &#8211; mondt\u00e1k. Ez a mondat gondolkod\u00f3ba ejtett. Mi lenne ha k\u00e9sz\u00edten\u00e9nk egy olyan, extr\u00e9m akkumul\u00e1tort \u00e9s egy motort\u2026.. na de ne rohanjunk ennyire el\u0151re. Legyen meglepet\u00e9s, mit is tartogat m\u00e9g a Batmonkey csapata.<\/p>\n<div class=\"ratio ratio-16x9\">\n<div class=\"ratio ratio-16x9\"><iframe loading=\"lazy\" title=\"Batmonkey IWCCG\" width=\"563\" height=\"1000\" src=\"https:\/\/www.youtube.com\/embed\/oudcCpotndg?feature=oembed\" frameborder=\"0\" allow=\"accelerometer; autoplay; clipboard-write; encrypted-media; gyroscope; picture-in-picture; web-share\" referrerpolicy=\"strict-origin-when-cross-origin\" allowfullscreen><\/iframe><\/div>\n<\/div>\n<div class=\"gallery-imgs row\"><div class=\"gallery-item mb-4 col-sm-4 col-md-6 col-lg-4\"><a href=\"https:\/\/www.gyekenyesipontyhorgasz.hu\/wp-content\/uploads\/01-21.jpg\"><img decoding=\"async\" src=\"https:\/\/www.gyekenyesipontyhorgasz.hu\/wp-content\/uploads\/01-21-520x300.jpg\" alt=\"\" class=\"img-fluid\"><\/a><\/div><div class=\"gallery-item mb-4 col-sm-4 col-md-6 col-lg-4\"><a href=\"https:\/\/www.gyekenyesipontyhorgasz.hu\/wp-content\/uploads\/02-17.jpg\"><img decoding=\"async\" src=\"https:\/\/www.gyekenyesipontyhorgasz.hu\/wp-content\/uploads\/02-17-520x300.jpg\" alt=\"\" class=\"img-fluid\"><\/a><\/div><div class=\"gallery-item mb-4 col-sm-4 col-md-6 col-lg-4\"><a href=\"https:\/\/www.gyekenyesipontyhorgasz.hu\/wp-content\/uploads\/03-15.jpg\"><img decoding=\"async\" src=\"https:\/\/www.gyekenyesipontyhorgasz.hu\/wp-content\/uploads\/03-15-520x300.jpg\" alt=\"\" class=\"img-fluid\"><\/a><\/div><div class=\"gallery-item mb-4 col-sm-4 col-md-6 col-lg-4\"><a href=\"https:\/\/www.gyekenyesipontyhorgasz.hu\/wp-content\/uploads\/04-7.jpg\"><img decoding=\"async\" src=\"https:\/\/www.gyekenyesipontyhorgasz.hu\/wp-content\/uploads\/04-7-520x300.jpg\" alt=\"\" class=\"img-fluid\"><\/a><\/div><div class=\"gallery-item mb-4 col-sm-4 col-md-6 col-lg-4\"><a href=\"https:\/\/www.gyekenyesipontyhorgasz.hu\/wp-content\/uploads\/05-4.jpg\"><img decoding=\"async\" src=\"https:\/\/www.gyekenyesipontyhorgasz.hu\/wp-content\/uploads\/05-4-520x300.jpg\" alt=\"\" class=\"img-fluid\"><\/a><\/div><\/div>\n<p>&nbsp;<\/p>\n<p>&nbsp;<\/p>\n<p style=\"text-align: center;\">\n","protected":false},"excerpt":{"rendered":"<p>Carpnavigator https:\/\/carpnavigator.hu &nbsp; Keen Carp https:\/\/www.facebook.com\/share\/1BVbXeSaS3\/?mibextid=wwXIfr &nbsp; Halazin https:\/\/halazin.hu\/ &nbsp; PontyShow https:\/\/pontyshow.hu\/ Szeretn\u00e9nk bemutatni a Batmonkey csapat\u00e1t, Mikolvics Kriszti\u00e1nt, Kov\u00e1cs J\u00e1nost, \u00e9s Torhosi Andr\u00e1s-b\u00f3l \u00e1ll. Mind a h\u00e1rman horg\u00e1szat szerelmesei <a href=\"https:\/\/www.gyekenyesipontyhorgasz.hu\/pl\/partnerzy-i-sponsorzy\/\" class=\"more-link\">&#8230;<span class=\"screen-reader-text\">  Partnerzy i sponsorzy<\/span><\/a><\/p>\n","protected":false},"author":1,"featured_media":3156,"parent":0,"menu_order":0,"comment_status":"closed","ping_status":"closed","template":"","meta":{"footnotes":""},"class_list":["post-3536","page","type-page","status-publish","has-post-thumbnail","hentry"],"_links":{"self":[{"href":"https:\/\/www.gyekenyesipontyhorgasz.hu\/pl\/wp-json\/wp\/v2\/pages\/3536","targetHints":{"allow":["GET"]}}],"collection":[{"href":"https:\/\/www.gyekenyesipontyhorgasz.hu\/pl\/wp-json\/wp\/v2\/pages"}],"about":[{"href":"https:\/\/www.gyekenyesipontyhorgasz.hu\/pl\/wp-json\/wp\/v2\/types\/page"}],"author":[{"embeddable":true,"href":"https:\/\/www.gyekenyesipontyhorgasz.hu\/pl\/wp-json\/wp\/v2\/users\/1"}],"replies":[{"embeddable":true,"href":"https:\/\/www.gyekenyesipontyhorgasz.hu\/pl\/wp-json\/wp\/v2\/comments?post=3536"}],"version-history":[{"count":1,"href":"https:\/\/www.gyekenyesipontyhorgasz.hu\/pl\/wp-json\/wp\/v2\/pages\/3536\/revisions"}],"predecessor-version":[{"id":3554,"href":"https:\/\/www.gyekenyesipontyhorgasz.hu\/pl\/wp-json\/wp\/v2\/pages\/3536\/revisions\/3554"}],"wp:featuredmedia":[{"embeddable":true,"href":"https:\/\/www.gyekenyesipontyhorgasz.hu\/pl\/wp-json\/wp\/v2\/media\/3156"}],"wp:attachment":[{"href":"https:\/\/www.gyekenyesipontyhorgasz.hu\/pl\/wp-json\/wp\/v2\/media?parent=3536"}],"curies":[{"name":"wp","href":"https:\/\/api.w.org\/{rel}","templated":true}]}}